{"id":1215,"date":"2025-11-03T13:43:20","date_gmt":"2025-11-03T13:43:20","guid":{"rendered":"https:\/\/easyglobalconsulting.com\/?page_id=1215"},"modified":"2026-03-11T17:36:18","modified_gmt":"2026-03-11T17:36:18","slug":"savoir_6","status":"publish","type":"page","link":"https:\/\/easyglobalconsulting.com\/index.php\/savoir_6\/","title":{"rendered":"savoir+_6"},"content":{"rendered":"\n<div class=\"wp-block-cover alignfull is-light has-ast-global-color-8-color has-text-color has-link-color wp-elements-57ae8150e07a000235fa7b7ec0abf8a0\" style=\"margin-top:0;margin-bottom:0;padding-top:0;padding-bottom:0;min-height:50px;aspect-ratio:unset;\"><span aria-hidden=\"true\" class=\"wp-block-cover__background has-ast-global-color-8-background-color has-background-dim-0 has-background-dim\"><\/span><div class=\"wp-block-cover__inner-container is-layout-constrained wp-container-core-cover-is-layout-2d4dec71 wp-block-cover-is-layout-constrained\">\n<div class=\"wp-block-columns is-layout-flex wp-container-core-columns-is-layout-2fca5a9e wp-block-columns-is-layout-flex\" style=\"margin-top:96px;margin-bottom:96px\">\n<div class=\"wp-block-column is-layout-flow wp-block-column-is-layout-flow\" style=\"flex-basis:48%\">\n<figure class=\"wp-block-image size-full is-resized\"><img fetchpriority=\"high\" decoding=\"async\" width=\"2560\" height=\"1707\" src=\"https:\/\/easyglobalconsulting.com\/wp-content\/uploads\/2025\/08\/des-collegues-participent-a-une-reunion-de-resolution-de-problemes-dans-une-societe-scaled.jpg\" alt=\"\" class=\"wp-image-541\" style=\"aspect-ratio:1;object-fit:cover;width:600px;height:undefinedpx\" srcset=\"https:\/\/easyglobalconsulting.com\/wp-content\/uploads\/2025\/08\/des-collegues-participent-a-une-reunion-de-resolution-de-problemes-dans-une-societe-scaled.jpg 2560w, https:\/\/easyglobalconsulting.com\/wp-content\/uploads\/2025\/08\/des-collegues-participent-a-une-reunion-de-resolution-de-problemes-dans-une-societe-300x200.jpg 300w, https:\/\/easyglobalconsulting.com\/wp-content\/uploads\/2025\/08\/des-collegues-participent-a-une-reunion-de-resolution-de-problemes-dans-une-societe-1024x683.jpg 1024w, https:\/\/easyglobalconsulting.com\/wp-content\/uploads\/2025\/08\/des-collegues-participent-a-une-reunion-de-resolution-de-problemes-dans-une-societe-768x512.jpg 768w, https:\/\/easyglobalconsulting.com\/wp-content\/uploads\/2025\/08\/des-collegues-participent-a-une-reunion-de-resolution-de-problemes-dans-une-societe-1536x1024.jpg 1536w, https:\/\/easyglobalconsulting.com\/wp-content\/uploads\/2025\/08\/des-collegues-participent-a-une-reunion-de-resolution-de-problemes-dans-une-societe-2048x1365.jpg 2048w\" sizes=\"(max-width: 2560px) 100vw, 2560px\" \/><\/figure>\n\n\n\n<h3 class=\"wp-block-heading\">\ud83e\udded <strong>4. Les grandes \u00e9tapes du changement<\/strong><\/h3>\n\n\n\n<figure class=\"wp-block-table\"><table class=\"has-fixed-layout\"><thead><tr><th>\u00c9tape<\/th><th>Description<\/th><th>Exemple<\/th><\/tr><\/thead><tbody><tr><td><strong>1. Diagnostic<\/strong><\/td><td>Identifier les besoins, impacts et acteurs concern\u00e9s<\/td><td>Analyse des impacts d\u2019un nouveau logiciel<\/td><\/tr><tr><td><strong>2. Planification<\/strong><\/td><td>D\u00e9finir la strat\u00e9gie de conduite du changement<\/td><td>Choisir les outils, les formations, la communication<\/td><\/tr><tr><td><strong>3. Communication<\/strong><\/td><td>Informer et rassurer les \u00e9quipes<\/td><td>R\u00e9unions, newsletters, d\u00e9monstrations<\/td><\/tr><tr><td><strong>4. Formation et accompagnement<\/strong><\/td><td>Donner les comp\u00e9tences n\u00e9cessaires<\/td><td>Sessions de formation, tutoriels, assistance<\/td><\/tr><tr><td><strong>5. Suivi et \u00e9valuation<\/strong><\/td><td>Mesurer la r\u00e9ussite et ajuster<\/td><td>Enqu\u00eates internes, indicateurs d\u2019adoption<\/td><\/tr><\/tbody><\/table><\/figure>\n\n\n\n<h3 class=\"wp-block-heading\">\ud83d\udca1 <strong>5. Les mod\u00e8les de conduite du changement les plus connus<\/strong><\/h3>\n\n\n\n<h4 class=\"wp-block-heading\">\ud83d\udd39 <strong>Mod\u00e8le de Kurt Lewin<\/strong><\/h4>\n\n\n\n<ol class=\"wp-block-list\">\n<li><strong>D\u00e9gel<\/strong> : pr\u00e9parer les \u00e9quipes au changement<\/li>\n\n\n\n<li><strong>Transition<\/strong> : mettre en place les nouvelles pratiques<\/li>\n\n\n\n<li><strong>R\u00e9gel<\/strong> : stabiliser et ancrer le changement<\/li>\n<\/ol>\n\n\n\n<h4 class=\"wp-block-heading\">\ud83d\udd39 <strong>M\u00e9thode ADKAR (Prosci)<\/strong><\/h4>\n\n\n\n<p>Bas\u00e9e sur les 5 \u00e9tapes individuelles du changement :<\/p>\n\n\n\n<figure class=\"wp-block-table\"><table class=\"has-fixed-layout\"><thead><tr><th>A<\/th><th>D<\/th><th>K<\/th><th>A<\/th><th>R<\/th><\/tr><\/thead><tbody><tr><td><strong>Awareness<\/strong> \u2013 Conscience du besoin<\/td><td><strong>Desire<\/strong> \u2013 Motivation<\/td><td><strong>Knowledge<\/strong> \u2013 Connaissance<\/td><td><strong>Ability<\/strong> \u2013 Comp\u00e9tence<\/td><td><strong>Reinforcement<\/strong> \u2013 Renforcement<\/td><\/tr><\/tbody><\/table><\/figure>\n\n\n\n<h3 class=\"wp-block-heading\">\ud83d\udc65 <strong>6. Le r\u00f4le du management<\/strong><\/h3>\n\n\n\n<p>Le manager est <strong>acteur cl\u00e9<\/strong> dans la r\u00e9ussite du changement :<\/p>\n\n\n\n<ul class=\"wp-block-list\">\n<li>Il <strong>communique<\/strong> de fa\u00e7on claire et transparente<\/li>\n\n\n\n<li>Il <strong>\u00e9coute<\/strong> les inqui\u00e9tudes des collaborateurs<\/li>\n\n\n\n<li>Il <strong>accompagne<\/strong> et <strong>encourage<\/strong> l\u2019adaptation progressive<\/li>\n<\/ul>\n<\/div>\n\n\n\n<div class=\"wp-block-column is-vertically-aligned-center is-layout-flow wp-block-column-is-layout-flow\">\n<h2 class=\"wp-block-heading has-text-align-left has-text-color\" style=\"color:#099260;margin-top:0px;margin-bottom:2rem;font-size:60px;font-style:normal;font-weight:400;line-height:1.2\">Conduite du Changement.<\/h2>\n\n\n\n<p class=\"has-text-align-left has-text-color\" style=\"color:#000000;margin-top:0px;margin-bottom:0px;font-size:26px;line-height:1.6\">Voici une explication claire et compl\u00e8te du th\u00e8me :<\/p>\n\n\n\n<h2 class=\"wp-block-heading\" style=\"font-size:37px\">\ud83d\udd04 <strong>Conduite du Changement \u2014 Explication compl\u00e8te<\/strong><\/h2>\n\n\n\n<hr class=\"wp-block-separator has-alpha-channel-opacity\"\/>\n\n\n\n<h3 class=\"wp-block-heading\">\ud83c\udf0d <strong>1. D\u00e9finition<\/strong><\/h3>\n\n\n\n<p>La <strong>conduite du changement<\/strong> (ou <strong>management du changement<\/strong>) est l\u2019ensemble des <strong>m\u00e9thodes, outils et actions<\/strong> destin\u00e9s \u00e0 <strong>accompagner les individus et les organisations<\/strong> lors d\u2019une <strong>transformation interne<\/strong>.<\/p>\n\n\n\n<blockquote class=\"wp-block-quote is-layout-flow wp-block-quote-is-layout-flow\">\n<p>En clair : c\u2019est la mani\u00e8re dont une entreprise <strong>pr\u00e9pare, guide et soutient ses \u00e9quipes<\/strong> quand elle met en place une nouvelle strat\u00e9gie, technologie ou organisation.<\/p>\n<\/blockquote>\n\n\n\n<hr class=\"wp-block-separator has-alpha-channel-opacity\"\/>\n\n\n\n<h3 class=\"wp-block-heading\">\u2699\ufe0f <strong>2. Pourquoi conduire le changement ?<\/strong><\/h3>\n\n\n\n<p>Les changements peuvent concerner :<\/p>\n\n\n\n<ul class=\"wp-block-list\">\n<li>\ud83e\udde0 <strong>Les m\u00e9thodes de travail<\/strong> (digitalisation, nouveaux outils, IA)<\/li>\n\n\n\n<li>\ud83c\udfe2 <strong>L\u2019organisation<\/strong> (fusion, r\u00e9organisation, nouveaux r\u00f4les)<\/li>\n\n\n\n<li>\ud83d\udcbb <strong>Les technologies<\/strong> (nouveaux logiciels, migration vers le cloud)<\/li>\n\n\n\n<li>\ud83d\udcc8 <strong>Les processus<\/strong> (qualit\u00e9, s\u00e9curit\u00e9, am\u00e9lioration continue)<\/li>\n<\/ul>\n\n\n\n<blockquote class=\"wp-block-quote is-layout-flow wp-block-quote-is-layout-flow\">\n<p>Sans accompagnement, un changement peut \u00e9chouer \u00e0 cause de <strong>r\u00e9sistance, incompr\u00e9hension ou peur<\/strong> du nouveau.<\/p>\n<\/blockquote>\n\n\n\n<hr class=\"wp-block-separator has-alpha-channel-opacity\"\/>\n\n\n\n<h3 class=\"wp-block-heading\">\ud83c\udfaf <strong>3. Objectifs de la conduite du changement<\/strong><\/h3>\n\n\n\n<ul class=\"wp-block-list\">\n<li>Assurer la <strong>bonne adoption<\/strong> du changement par les collaborateurs<\/li>\n\n\n\n<li><strong>R\u00e9duire les r\u00e9sistances<\/strong> et les craintes<\/li>\n\n\n\n<li><strong>Maximiser les b\u00e9n\u00e9fices<\/strong> du projet (productivit\u00e9, qualit\u00e9, innovation)<\/li>\n\n\n\n<li><strong>Renforcer la coh\u00e9sion<\/strong> et l\u2019engagement de l\u2019\u00e9quipe<\/li>\n<\/ul>\n\n\n\n<hr class=\"wp-block-separator has-alpha-channel-opacity\"\/>\n\n\n\n<h3 class=\"wp-block-heading\">\ud83d\ude80 <strong>7. Facteurs cl\u00e9s de succ\u00e8s<\/strong><\/h3>\n\n\n\n<p>\u2705 Implication de la direction<br>\u2705 Communication claire et continue<br>\u2705 Formation adapt\u00e9e aux besoins<br>\u2705 Suivi des r\u00e9sultats et reconnaissance des efforts<br>\u2705 Culture d\u2019entreprise ouverte au changement<\/p>\n\n\n\n<hr class=\"wp-block-separator has-alpha-channel-opacity\"\/>\n\n\n\n<h3 class=\"wp-block-heading\">\ud83e\udde9 <strong>8. Objectif final<\/strong><\/h3>\n\n\n\n<blockquote class=\"wp-block-quote is-layout-flow wp-block-quote-is-layout-flow\">\n<p>Transformer les r\u00e9sistances en <strong>adh\u00e9sion<\/strong>, les inqui\u00e9tudes en <strong>opportunit\u00e9s<\/strong>, et les changements en <strong>progr\u00e8s durables<\/strong>.<\/p>\n<\/blockquote>\n\n\n\n<hr class=\"wp-block-separator has-alpha-channel-opacity\"\/>\n\n\n\n<p class=\"has-text-align-left has-text-color\" style=\"color:#000000;margin-top:0px;margin-bottom:0px;font-size:26px;line-height:1.6\"><\/p>\n<\/div>\n<\/div>\n<\/div><\/div>\n","protected":false},"excerpt":{"rendered":"","protected":false},"author":1,"featured_media":0,"parent":0,"menu_order":0,"comment_status":"closed","ping_status":"closed","template":"","meta":{"site-sidebar-layout":"default","site-content-layout":"","ast-site-content-layout":"default","site-content-style":"default","site-sidebar-style":"default","ast-global-header-display":"","ast-banner-title-visibility":"","ast-main-header-display":"","ast-hfb-above-header-display":"","ast-hfb-below-header-display":"","ast-hfb-mobile-header-display":"","site-post-title":"","ast-breadcrumbs-content":"","ast-featured-img":"","footer-sml-layout":"","ast-disable-related-posts":"","theme-transparent-header-meta":"","adv-header-id-meta":"","stick-header-meta":"","header-above-stick-meta":"","header-main-stick-meta":"","header-below-stick-meta":"","astra-migrate-meta-layouts":"default","ast-page-background-enabled":"default","ast-page-background-meta":{"desktop":{"background-color":"var(--ast-global-color-5)","background-image":"","background-repeat":"repeat","background-position":"center center","background-size":"auto","background-attachment":"scroll","background-type":"","background-media":"","overlay-type":"","overlay-color":"","overlay-opacity":"","overlay-gradient":""},"tablet":{"background-color":"","background-image":"","background-repeat":"repeat","background-position":"center center","background-size":"auto","background-attachment":"scroll","background-type":"","background-media":"","overlay-type":"","overlay-color":"","overlay-opacity":"","overlay-gradient":""},"mobile":{"background-color":"","background-image":"","background-repeat":"repeat","background-position":"center center","background-size":"auto","background-attachment":"scroll","background-type":"","background-media":"","overlay-type":"","overlay-color":"","overlay-opacity":"","overlay-gradient":""}},"ast-content-background-meta":{"desktop":{"background-color":"var(--ast-global-color-4)","background-image":"","background-repeat":"repeat","background-position":"center center","background-size":"auto","background-attachment":"scroll","background-type":"","background-media":"","overlay-type":"","overlay-color":"","overlay-opacity":"","overlay-gradient":""},"tablet":{"background-color":"var(--ast-global-color-4)","background-image":"","background-repeat":"repeat","background-position":"center center","background-size":"auto","background-attachment":"scroll","background-type":"","background-media":"","overlay-type":"","overlay-color":"","overlay-opacity":"","overlay-gradient":""},"mobile":{"background-color":"var(--ast-global-color-4)","background-image":"","background-repeat":"repeat","background-position":"center center","background-size":"auto","background-attachment":"scroll","background-type":"","background-media":"","overlay-type":"","overlay-color":"","overlay-opacity":"","overlay-gradient":""}},"footnotes":""},"class_list":["post-1215","page","type-page","status-publish","hentry"],"jetpack_sharing_enabled":true,"jetpack-related-posts":[{"id":877,"url":"https:\/\/easyglobalconsulting.com\/index.php\/nos-formations\/","url_meta":{"origin":1215,"position":0},"title":"Formations EasyGlo Outils de collaboration\u2026","author":"@assistante","date":"20 octobre 2025","format":false,"excerpt":"Formations EasyGlo Outils de collaboration digitale et IA D\u00e9couvrez comment exploiter les outils collaboratifs et l\u2019IA pour booster la productivit\u00e9 et fluidifier le travail en \u00e9quipe. savoir+ Initiation aux outils IA Initiez-vous aux technologies d\u2019IA pour int\u00e9grer des solutions intelligentes dans vos activit\u00e9s professionnelles. savoir+ S\u00e9curisation des SI Renforcez la\u2026","rel":"","context":"Article similaire","block_context":{"text":"Article similaire","link":""},"img":{"alt_text":"","src":"https:\/\/i0.wp.com\/easyglobalconsulting.com\/wp-content\/uploads\/2025\/08\/le-support-technique-supervise-le-reseau-neuronal-d-ia-scaled.jpg?resize=350%2C200&ssl=1","width":350,"height":200,"srcset":"https:\/\/i0.wp.com\/easyglobalconsulting.com\/wp-content\/uploads\/2025\/08\/le-support-technique-supervise-le-reseau-neuronal-d-ia-scaled.jpg?resize=350%2C200&ssl=1 1x, https:\/\/i0.wp.com\/easyglobalconsulting.com\/wp-content\/uploads\/2025\/08\/le-support-technique-supervise-le-reseau-neuronal-d-ia-scaled.jpg?resize=525%2C300&ssl=1 1.5x, https:\/\/i0.wp.com\/easyglobalconsulting.com\/wp-content\/uploads\/2025\/08\/le-support-technique-supervise-le-reseau-neuronal-d-ia-scaled.jpg?resize=700%2C400&ssl=1 2x, https:\/\/i0.wp.com\/easyglobalconsulting.com\/wp-content\/uploads\/2025\/08\/le-support-technique-supervise-le-reseau-neuronal-d-ia-scaled.jpg?resize=1050%2C600&ssl=1 3x, https:\/\/i0.wp.com\/easyglobalconsulting.com\/wp-content\/uploads\/2025\/08\/le-support-technique-supervise-le-reseau-neuronal-d-ia-scaled.jpg?resize=1400%2C800&ssl=1 4x"},"classes":[]},{"id":1373,"url":"https:\/\/easyglobalconsulting.com\/index.php\/pourquoi-nous-choisir\/","url_meta":{"origin":1215,"position":1},"title":"Pourquoi nous choisir?","author":"@assistante","date":"6 novembre 2025","format":false,"excerpt":"POURQUOI CHOISIR EasyGlo +10 ans d\u2019exp\u00e9rience+10 ans d\u2019expertise + Atteinte assur\u00e9edes Objectifs Clients + Partenaire PECB = Assurance de laSatisfaction Client\u00e8le UN PARTENAIRE DE CONFIANCE EasyGlo est \u00e9galement partenaire PECB, une r\u00e9f\u00e9rence internationale dans le domaine des certifications et des standards professionnels. Ce partenariat t\u00e9moigne de notre engagement envers :\u2026","rel":"","context":"Article similaire","block_context":{"text":"Article similaire","link":""},"img":{"alt_text":"","src":"https:\/\/i0.wp.com\/easyglobalconsulting.com\/wp-content\/uploads\/2026\/02\/Image1.png?resize=350%2C200&ssl=1","width":350,"height":200,"srcset":"https:\/\/i0.wp.com\/easyglobalconsulting.com\/wp-content\/uploads\/2026\/02\/Image1.png?resize=350%2C200&ssl=1 1x, https:\/\/i0.wp.com\/easyglobalconsulting.com\/wp-content\/uploads\/2026\/02\/Image1.png?resize=525%2C300&ssl=1 1.5x, https:\/\/i0.wp.com\/easyglobalconsulting.com\/wp-content\/uploads\/2026\/02\/Image1.png?resize=700%2C400&ssl=1 2x, https:\/\/i0.wp.com\/easyglobalconsulting.com\/wp-content\/uploads\/2026\/02\/Image1.png?resize=1050%2C600&ssl=1 3x"},"classes":[]},{"id":1107,"url":"https:\/\/easyglobalconsulting.com\/index.php\/savoir_1\/","url_meta":{"origin":1215,"position":2},"title":"savoir+_1","author":"@assistante","date":"24 octobre 2025","format":false,"excerpt":"T \ud83e\udd16 2. Intelligence Artificielle (IA) dans la collaboration L\u2019IA vient enrichir ces outils en automatisant certaines t\u00e2ches et en am\u00e9liorant la prise de d\u00e9cision. \ud83d\udca1 Applications concr\u00e8tes : Assistants intelligents (comme Copilot, ChatGPT, Gemini) : aident \u00e0 r\u00e9diger, r\u00e9sumer, ou trouver des informations rapidement. Traduction automatique : facilite les\u2026","rel":"","context":"Article similaire","block_context":{"text":"Article similaire","link":""},"img":{"alt_text":"","src":"https:\/\/i0.wp.com\/easyglobalconsulting.com\/wp-content\/uploads\/2025\/08\/le-support-technique-supervise-le-reseau-neuronal-d-ia-scaled.jpg?resize=350%2C200&ssl=1","width":350,"height":200,"srcset":"https:\/\/i0.wp.com\/easyglobalconsulting.com\/wp-content\/uploads\/2025\/08\/le-support-technique-supervise-le-reseau-neuronal-d-ia-scaled.jpg?resize=350%2C200&ssl=1 1x, https:\/\/i0.wp.com\/easyglobalconsulting.com\/wp-content\/uploads\/2025\/08\/le-support-technique-supervise-le-reseau-neuronal-d-ia-scaled.jpg?resize=525%2C300&ssl=1 1.5x, https:\/\/i0.wp.com\/easyglobalconsulting.com\/wp-content\/uploads\/2025\/08\/le-support-technique-supervise-le-reseau-neuronal-d-ia-scaled.jpg?resize=700%2C400&ssl=1 2x, https:\/\/i0.wp.com\/easyglobalconsulting.com\/wp-content\/uploads\/2025\/08\/le-support-technique-supervise-le-reseau-neuronal-d-ia-scaled.jpg?resize=1050%2C600&ssl=1 3x, https:\/\/i0.wp.com\/easyglobalconsulting.com\/wp-content\/uploads\/2025\/08\/le-support-technique-supervise-le-reseau-neuronal-d-ia-scaled.jpg?resize=1400%2C800&ssl=1 4x"},"classes":[]},{"id":1206,"url":"https:\/\/easyglobalconsulting.com\/index.php\/savoir_3\/","url_meta":{"origin":1215,"position":3},"title":"savoir+_3","author":"@assistante","date":"3 novembre 2025","format":false,"excerpt":"\u26a0\ufe0f 3. Les principales menaces \ud83e\udda0 Virus, ransomwares, malwares : bloquent ou d\u00e9truisent les donn\u00e9es. \ud83c\udfa3 Phishing (hame\u00e7onnage) : vol d\u2019identifiants par e-mails trompeurs. \ud83d\udca5 Attaques par d\u00e9ni de service (DDoS) : saturent les serveurs. \ud83d\udc64 Erreurs humaines : mauvaise manipulation, fuite de donn\u00e9es. \ud83d\udd75\ufe0f\u200d\u2642\ufe0f Intrusions et piratages : acc\u00e8s\u2026","rel":"","context":"Article similaire","block_context":{"text":"Article similaire","link":""},"img":{"alt_text":"","src":"https:\/\/i0.wp.com\/easyglobalconsulting.com\/wp-content\/uploads\/2025\/04\/standard-quality-control-collage-concept-scaled.jpg?resize=350%2C200&ssl=1","width":350,"height":200,"srcset":"https:\/\/i0.wp.com\/easyglobalconsulting.com\/wp-content\/uploads\/2025\/04\/standard-quality-control-collage-concept-scaled.jpg?resize=350%2C200&ssl=1 1x, https:\/\/i0.wp.com\/easyglobalconsulting.com\/wp-content\/uploads\/2025\/04\/standard-quality-control-collage-concept-scaled.jpg?resize=525%2C300&ssl=1 1.5x, https:\/\/i0.wp.com\/easyglobalconsulting.com\/wp-content\/uploads\/2025\/04\/standard-quality-control-collage-concept-scaled.jpg?resize=700%2C400&ssl=1 2x, https:\/\/i0.wp.com\/easyglobalconsulting.com\/wp-content\/uploads\/2025\/04\/standard-quality-control-collage-concept-scaled.jpg?resize=1050%2C600&ssl=1 3x, https:\/\/i0.wp.com\/easyglobalconsulting.com\/wp-content\/uploads\/2025\/04\/standard-quality-control-collage-concept-scaled.jpg?resize=1400%2C800&ssl=1 4x"},"classes":[]},{"id":1203,"url":"https:\/\/easyglobalconsulting.com\/index.php\/savoir_2\/","url_meta":{"origin":1215,"position":4},"title":"savoir+_2","author":"@assistante","date":"3 novembre 2025","format":false,"excerpt":"\ud83c\udfaf 3. Pourquoi apprendre \u00e0 utiliser les outils d\u2019IA ? Gagner du temps : automatiser les t\u00e2ches r\u00e9p\u00e9titives. Am\u00e9liorer la cr\u00e9ativit\u00e9 : g\u00e9n\u00e9rer des id\u00e9es, des visuels, ou des textes. Prendre de meilleures d\u00e9cisions : gr\u00e2ce \u00e0 l\u2019analyse rapide des donn\u00e9es. Rester comp\u00e9titif : les m\u00e9tiers du futur int\u00e9greront tous\u2026","rel":"","context":"Article similaire","block_context":{"text":"Article similaire","link":""},"img":{"alt_text":"","src":"https:\/\/i0.wp.com\/easyglobalconsulting.com\/wp-content\/uploads\/2025\/08\/femmes-a-angle-eleve-mettant-les-mains-ensemble-scaled.jpg?resize=350%2C200&ssl=1","width":350,"height":200,"srcset":"https:\/\/i0.wp.com\/easyglobalconsulting.com\/wp-content\/uploads\/2025\/08\/femmes-a-angle-eleve-mettant-les-mains-ensemble-scaled.jpg?resize=350%2C200&ssl=1 1x, https:\/\/i0.wp.com\/easyglobalconsulting.com\/wp-content\/uploads\/2025\/08\/femmes-a-angle-eleve-mettant-les-mains-ensemble-scaled.jpg?resize=525%2C300&ssl=1 1.5x, https:\/\/i0.wp.com\/easyglobalconsulting.com\/wp-content\/uploads\/2025\/08\/femmes-a-angle-eleve-mettant-les-mains-ensemble-scaled.jpg?resize=700%2C400&ssl=1 2x, https:\/\/i0.wp.com\/easyglobalconsulting.com\/wp-content\/uploads\/2025\/08\/femmes-a-angle-eleve-mettant-les-mains-ensemble-scaled.jpg?resize=1050%2C600&ssl=1 3x, https:\/\/i0.wp.com\/easyglobalconsulting.com\/wp-content\/uploads\/2025\/08\/femmes-a-angle-eleve-mettant-les-mains-ensemble-scaled.jpg?resize=1400%2C800&ssl=1 4x"},"classes":[]},{"id":1212,"url":"https:\/\/easyglobalconsulting.com\/index.php\/savoir_5\/","url_meta":{"origin":1215,"position":5},"title":"savoir+_5","author":"@assistante","date":"3 novembre 2025","format":false,"excerpt":"\u2699\ufe0f 2. ISO 22301 \u2013 Continuit\u00e9 d\u2019Activit\u00e9 \ud83d\udcd8 D\u00e9finition : La norme ISO 22301 d\u00e9finit les exigences pour un Syst\u00e8me de Management de la Continuit\u00e9 d\u2019Activit\u00e9 (SMCA).Elle aide les organisations \u00e0 pr\u00e9venir les interruptions (panne, cyberattaque, incendie, crise) et \u00e0 assurer la reprise rapide des activit\u00e9s. En clair : ISO\u2026","rel":"","context":"Article similaire","block_context":{"text":"Article similaire","link":""},"img":{"alt_text":"","src":"https:\/\/i0.wp.com\/easyglobalconsulting.com\/wp-content\/uploads\/2025\/08\/concept-de-controle-qualite-standard-m-2-scaled.jpg?resize=350%2C200&ssl=1","width":350,"height":200,"srcset":"https:\/\/i0.wp.com\/easyglobalconsulting.com\/wp-content\/uploads\/2025\/08\/concept-de-controle-qualite-standard-m-2-scaled.jpg?resize=350%2C200&ssl=1 1x, https:\/\/i0.wp.com\/easyglobalconsulting.com\/wp-content\/uploads\/2025\/08\/concept-de-controle-qualite-standard-m-2-scaled.jpg?resize=525%2C300&ssl=1 1.5x, https:\/\/i0.wp.com\/easyglobalconsulting.com\/wp-content\/uploads\/2025\/08\/concept-de-controle-qualite-standard-m-2-scaled.jpg?resize=700%2C400&ssl=1 2x, https:\/\/i0.wp.com\/easyglobalconsulting.com\/wp-content\/uploads\/2025\/08\/concept-de-controle-qualite-standard-m-2-scaled.jpg?resize=1050%2C600&ssl=1 3x, https:\/\/i0.wp.com\/easyglobalconsulting.com\/wp-content\/uploads\/2025\/08\/concept-de-controle-qualite-standard-m-2-scaled.jpg?resize=1400%2C800&ssl=1 4x"},"classes":[]}],"_links":{"self":[{"href":"https:\/\/easyglobalconsulting.com\/index.php\/wp-json\/wp\/v2\/pages\/1215","targetHints":{"allow":["GET"]}}],"collection":[{"href":"https:\/\/easyglobalconsulting.com\/index.php\/wp-json\/wp\/v2\/pages"}],"about":[{"href":"https:\/\/easyglobalconsulting.com\/index.php\/wp-json\/wp\/v2\/types\/page"}],"author":[{"embeddable":true,"href":"https:\/\/easyglobalconsulting.com\/index.php\/wp-json\/wp\/v2\/users\/1"}],"replies":[{"embeddable":true,"href":"https:\/\/easyglobalconsulting.com\/index.php\/wp-json\/wp\/v2\/comments?post=1215"}],"version-history":[{"count":4,"href":"https:\/\/easyglobalconsulting.com\/index.php\/wp-json\/wp\/v2\/pages\/1215\/revisions"}],"predecessor-version":[{"id":2169,"href":"https:\/\/easyglobalconsulting.com\/index.php\/wp-json\/wp\/v2\/pages\/1215\/revisions\/2169"}],"wp:attachment":[{"href":"https:\/\/easyglobalconsulting.com\/index.php\/wp-json\/wp\/v2\/media?parent=1215"}],"curies":[{"name":"wp","href":"https:\/\/api.w.org\/{rel}","templated":true}]}}