{"id":1212,"date":"2025-11-03T13:43:03","date_gmt":"2025-11-03T13:43:03","guid":{"rendered":"https:\/\/easyglobalconsulting.com\/?page_id=1212"},"modified":"2026-03-11T16:25:36","modified_gmt":"2026-03-11T16:25:36","slug":"savoir_5","status":"publish","type":"page","link":"https:\/\/easyglobalconsulting.com\/index.php\/savoir_5\/","title":{"rendered":"savoir+_5"},"content":{"rendered":"\n<div class=\"wp-block-cover alignfull is-light has-ast-global-color-8-color has-text-color has-link-color wp-elements-694facf4fc269727f6f080388adfbac6\" style=\"margin-top:0;margin-bottom:0;padding-top:0;padding-bottom:0;min-height:50px;aspect-ratio:unset;\"><span aria-hidden=\"true\" class=\"wp-block-cover__background has-ast-global-color-8-background-color has-background-dim-0 has-background-dim\"><\/span><div class=\"wp-block-cover__inner-container is-layout-constrained wp-container-core-cover-is-layout-2d4dec71 wp-block-cover-is-layout-constrained\">\n<div class=\"wp-block-columns is-layout-flex wp-container-core-columns-is-layout-2fca5a9e wp-block-columns-is-layout-flex\" style=\"margin-top:96px;margin-bottom:96px\">\n<div class=\"wp-block-column is-layout-flow wp-block-column-is-layout-flow\" style=\"flex-basis:48%\">\n<figure class=\"wp-block-image size-full is-resized\"><img fetchpriority=\"high\" decoding=\"async\" width=\"2560\" height=\"1707\" src=\"https:\/\/easyglobalconsulting.com\/wp-content\/uploads\/2025\/08\/concept-de-controle-qualite-standard-m-2-scaled.jpg\" alt=\"\" class=\"wp-image-530\" style=\"aspect-ratio:1;object-fit:cover;width:600px;height:undefinedpx\" srcset=\"https:\/\/easyglobalconsulting.com\/wp-content\/uploads\/2025\/08\/concept-de-controle-qualite-standard-m-2-scaled.jpg 2560w, https:\/\/easyglobalconsulting.com\/wp-content\/uploads\/2025\/08\/concept-de-controle-qualite-standard-m-2-300x200.jpg 300w, https:\/\/easyglobalconsulting.com\/wp-content\/uploads\/2025\/08\/concept-de-controle-qualite-standard-m-2-1024x683.jpg 1024w, https:\/\/easyglobalconsulting.com\/wp-content\/uploads\/2025\/08\/concept-de-controle-qualite-standard-m-2-768x512.jpg 768w, https:\/\/easyglobalconsulting.com\/wp-content\/uploads\/2025\/08\/concept-de-controle-qualite-standard-m-2-1536x1024.jpg 1536w, https:\/\/easyglobalconsulting.com\/wp-content\/uploads\/2025\/08\/concept-de-controle-qualite-standard-m-2-2048x1365.jpg 2048w\" sizes=\"(max-width: 2560px) 100vw, 2560px\" \/><\/figure>\n\n\n\n<h3 class=\"wp-block-heading\">\u2699\ufe0f <strong>2. ISO 22301 \u2013 Continuit\u00e9 d\u2019Activit\u00e9<\/strong><\/h3>\n\n\n\n<h4 class=\"wp-block-heading\">\ud83d\udcd8 <strong>D\u00e9finition :<\/strong><\/h4>\n\n\n\n<p>La <strong>norme ISO 22301<\/strong> d\u00e9finit les exigences pour un <strong>Syst\u00e8me de Management de la Continuit\u00e9 d\u2019Activit\u00e9 (SMCA)<\/strong>.<br>Elle aide les organisations \u00e0 <strong>pr\u00e9venir les interruptions<\/strong> (panne, cyberattaque, incendie, crise) et \u00e0 <strong>assurer la reprise rapide des activit\u00e9s<\/strong>.<\/p>\n\n\n\n<blockquote class=\"wp-block-quote is-layout-flow wp-block-quote-is-layout-flow\">\n<p>En clair : ISO 22301, c\u2019est la norme pour <strong>assurer la r\u00e9silience de l\u2019entreprise<\/strong> en cas de crise.<\/p>\n<\/blockquote>\n\n\n\n<h4 class=\"wp-block-heading\">\ud83c\udfaf <strong>Objectif :<\/strong><\/h4>\n\n\n\n<p>Garantir que l\u2019entreprise peut <strong>continuer \u00e0 fonctionner<\/strong> m\u00eame en situation d\u2019urgence.<\/p>\n\n\n\n<h4 class=\"wp-block-heading\">\ud83e\uddf0 <strong>Les \u00e9l\u00e9ments cl\u00e9s :<\/strong><\/h4>\n\n\n\n<ul class=\"wp-block-list\">\n<li>Analyse d\u2019impact sur les activit\u00e9s (BIA \u2013 <em>Business Impact Analysis<\/em>)<\/li>\n\n\n\n<li>Identification des <strong>processus critiques<\/strong><\/li>\n\n\n\n<li>\u00c9laboration de <strong>plans de continuit\u00e9 (PCA)<\/strong> et de <strong>reprise (PRA)<\/strong><\/li>\n\n\n\n<li><strong>Tests r\u00e9guliers<\/strong> et am\u00e9lioration continue<\/li>\n<\/ul>\n\n\n\n<h4 class=\"wp-block-heading\">\ud83d\udd04 <strong>Exemples de sc\u00e9narios g\u00e9r\u00e9s :<\/strong><\/h4>\n\n\n\n<ul class=\"wp-block-list\">\n<li>Panne de serveurs ou perte de donn\u00e9es<\/li>\n\n\n\n<li>Cyberattaque ou ransomware<\/li>\n\n\n\n<li>Catastrophe naturelle<\/li>\n\n\n\n<li>Indisponibilit\u00e9 du personnel ou des locaux<\/li>\n<\/ul>\n\n\n\n<h3 class=\"wp-block-heading\">\ud83e\udde9 <strong>3. Compl\u00e9mentarit\u00e9 entre ISO 27001 et ISO 22301<\/strong><\/h3>\n\n\n\n<figure class=\"wp-block-table\"><table class=\"has-fixed-layout\"><thead><tr><th>Aspect<\/th><th>ISO 27001<\/th><th>ISO 22301<\/th><\/tr><\/thead><tbody><tr><td>Domaine<\/td><td>S\u00e9curit\u00e9 de l\u2019information<\/td><td>Continuit\u00e9 d\u2019activit\u00e9<\/td><\/tr><tr><td>Objectif<\/td><td>Prot\u00e9ger les donn\u00e9es<\/td><td>Assurer la survie de l\u2019entreprise<\/td><\/tr><tr><td>Focus<\/td><td>Confidentialit\u00e9, int\u00e9grit\u00e9, disponibilit\u00e9<\/td><td>Reprise et maintien des op\u00e9rations<\/td><\/tr><tr><td>R\u00e9sultat<\/td><td>SMSI (Syst\u00e8me de Management de la S\u00e9curit\u00e9)<\/td><td>SMCA (Syst\u00e8me de Management de la Continuit\u00e9)<\/td><\/tr><\/tbody><\/table><\/figure>\n\n\n\n<blockquote class=\"wp-block-quote is-layout-flow wp-block-quote-is-layout-flow\">\n<p>Ensemble, ces deux normes renforcent la <strong>r\u00e9silience num\u00e9rique<\/strong> et la <strong>confiance<\/strong> des clients et partenaires.<\/p>\n<\/blockquote>\n<\/div>\n\n\n\n<div class=\"wp-block-column is-vertically-aligned-center is-layout-flow wp-block-column-is-layout-flow\">\n<h2 class=\"wp-block-heading has-text-align-left has-text-color\" style=\"color:#b04a02;margin-top:0px;margin-bottom:2rem;font-size:60px;font-style:normal;font-weight:400;line-height:1.2\">ISO 27001 &amp;<br>ISO 22301<\/h2>\n\n\n\n<p class=\"has-text-align-left\">Voici une explication claire et simplifi\u00e9e des deux normes :<\/p>\n\n\n\n<h2 class=\"wp-block-heading\" style=\"font-size:37px\">\ud83c\udfe2 <strong>ISO 27001 &amp; ISO 22301 \u2014 Explication compl\u00e8te<\/strong><\/h2>\n\n\n\n<hr class=\"wp-block-separator has-alpha-channel-opacity\"\/>\n\n\n\n<h3 class=\"wp-block-heading\">\ud83d\udd10 <strong>1. ISO 27001 \u2013 S\u00e9curit\u00e9 de l\u2019Information<\/strong><\/h3>\n\n\n\n<h4 class=\"wp-block-heading\">\ud83d\udcd8 <strong>D\u00e9finition :<\/strong><\/h4>\n\n\n\n<p>La <strong>norme ISO\/IEC 27001<\/strong> est une <strong>norme internationale<\/strong> qui d\u00e9finit <strong>les exigences pour un Syst\u00e8me de Management de la S\u00e9curit\u00e9 de l\u2019Information (SMSI)<\/strong>.<br>Elle aide les organisations \u00e0 <strong>prot\u00e9ger leurs donn\u00e9es sensibles<\/strong> contre la perte, le vol, la mauvaise utilisation ou l\u2019acc\u00e8s non autoris\u00e9.<\/p>\n\n\n\n<blockquote class=\"wp-block-quote is-layout-flow wp-block-quote-is-layout-flow\">\n<p>En clair : ISO 27001, c\u2019est la norme pour <strong>s\u00e9curiser les informations<\/strong> d\u2019une entreprise.<\/p>\n<\/blockquote>\n\n\n\n<h4 class=\"wp-block-heading\">\ud83c\udfaf <strong>Objectif :<\/strong><\/h4>\n\n\n\n<p>Assurer la <strong>confidentialit\u00e9<\/strong>, <strong>l\u2019int\u00e9grit\u00e9<\/strong> et <strong>la disponibilit\u00e9<\/strong> des informations (le triangle de la s\u00e9curit\u00e9).<\/p>\n\n\n\n<figure class=\"wp-block-table\"><table class=\"has-fixed-layout\"><thead><tr><th>Principe<\/th><th>Signification<\/th><th>Exemple<\/th><\/tr><\/thead><tbody><tr><td><strong>Confidentialit\u00e9<\/strong><\/td><td>Emp\u00eacher l\u2019acc\u00e8s non autoris\u00e9<\/td><td>Mots de passe, contr\u00f4le d\u2019acc\u00e8s<\/td><\/tr><tr><td><strong>Int\u00e9grit\u00e9<\/strong><\/td><td>Emp\u00eacher la modification non autoris\u00e9e<\/td><td>Signatures num\u00e9riques, logs<\/td><\/tr><tr><td><strong>Disponibilit\u00e9<\/strong><\/td><td>Garantir l\u2019acc\u00e8s permanent aux donn\u00e9es<\/td><td>Sauvegardes, redondance<\/td><\/tr><\/tbody><\/table><\/figure>\n\n\n\n<h4 class=\"wp-block-heading\">\ud83e\uddf0 <strong>Les \u00e9l\u00e9ments cl\u00e9s :<\/strong><\/h4>\n\n\n\n<ul class=\"wp-block-list\">\n<li>Analyse des <strong>risques<\/strong> li\u00e9s \u00e0 la s\u00e9curit\u00e9.<\/li>\n\n\n\n<li>Mise en place de <strong>mesures de protection<\/strong> (politiques, outils, proc\u00e9dures).<\/li>\n\n\n\n<li><strong>Formation<\/strong> du personnel \u00e0 la cybers\u00e9curit\u00e9.<\/li>\n\n\n\n<li><strong>Audit interne<\/strong> et am\u00e9lioration continue.<\/li>\n<\/ul>\n\n\n\n<h4 class=\"wp-block-heading\">\ud83e\udde9 <strong>Exemples de domaines couverts :<\/strong><\/h4>\n\n\n\n<ul class=\"wp-block-list\">\n<li>Gestion des acc\u00e8s utilisateurs<\/li>\n\n\n\n<li>S\u00e9curit\u00e9 r\u00e9seau et chiffrement<\/li>\n\n\n\n<li>S\u00e9curit\u00e9 physique des locaux<\/li>\n\n\n\n<li>Sauvegardes et plans de continuit\u00e9<\/li>\n\n\n\n<li>Conformit\u00e9 RGPD<\/li>\n<\/ul>\n\n\n\n<hr class=\"wp-block-separator has-alpha-channel-opacity\"\/>\n\n\n\n<h3 class=\"wp-block-heading\">\ud83c\udfc6 <strong>4. B\u00e9n\u00e9fices pour une organisation<\/strong><\/h3>\n\n\n\n<ul class=\"wp-block-list\">\n<li>Meilleure <strong>protection contre les cybermenaces<\/strong><\/li>\n\n\n\n<li>R\u00e9duction des <strong>temps d\u2019arr\u00eat<\/strong> en cas d\u2019incident<\/li>\n\n\n\n<li><strong>Conformit\u00e9 r\u00e9glementaire<\/strong> (RGPD, exigences clients, etc.)<\/li>\n\n\n\n<li><strong>Image de fiabilit\u00e9<\/strong> et de professionnalisme renforc\u00e9e<\/li>\n<\/ul>\n\n\n\n<hr class=\"wp-block-separator has-alpha-channel-opacity\"\/>\n<\/div>\n<\/div>\n<\/div><\/div>\n\n\n\n<p><\/p>\n","protected":false},"excerpt":{"rendered":"","protected":false},"author":1,"featured_media":0,"parent":0,"menu_order":0,"comment_status":"closed","ping_status":"closed","template":"","meta":{"site-sidebar-layout":"default","site-content-layout":"","ast-site-content-layout":"default","site-content-style":"default","site-sidebar-style":"default","ast-global-header-display":"","ast-banner-title-visibility":"","ast-main-header-display":"","ast-hfb-above-header-display":"","ast-hfb-below-header-display":"","ast-hfb-mobile-header-display":"","site-post-title":"","ast-breadcrumbs-content":"","ast-featured-img":"","footer-sml-layout":"","ast-disable-related-posts":"","theme-transparent-header-meta":"","adv-header-id-meta":"","stick-header-meta":"","header-above-stick-meta":"","header-main-stick-meta":"","header-below-stick-meta":"","astra-migrate-meta-layouts":"default","ast-page-background-enabled":"default","ast-page-background-meta":{"desktop":{"background-color":"var(--ast-global-color-5)","background-image":"","background-repeat":"repeat","background-position":"center center","background-size":"auto","background-attachment":"scroll","background-type":"","background-media":"","overlay-type":"","overlay-color":"","overlay-opacity":"","overlay-gradient":""},"tablet":{"background-color":"","background-image":"","background-repeat":"repeat","background-position":"center center","background-size":"auto","background-attachment":"scroll","background-type":"","background-media":"","overlay-type":"","overlay-color":"","overlay-opacity":"","overlay-gradient":""},"mobile":{"background-color":"","background-image":"","background-repeat":"repeat","background-position":"center center","background-size":"auto","background-attachment":"scroll","background-type":"","background-media":"","overlay-type":"","overlay-color":"","overlay-opacity":"","overlay-gradient":""}},"ast-content-background-meta":{"desktop":{"background-color":"var(--ast-global-color-4)","background-image":"","background-repeat":"repeat","background-position":"center center","background-size":"auto","background-attachment":"scroll","background-type":"","background-media":"","overlay-type":"","overlay-color":"","overlay-opacity":"","overlay-gradient":""},"tablet":{"background-color":"var(--ast-global-color-4)","background-image":"","background-repeat":"repeat","background-position":"center center","background-size":"auto","background-attachment":"scroll","background-type":"","background-media":"","overlay-type":"","overlay-color":"","overlay-opacity":"","overlay-gradient":""},"mobile":{"background-color":"var(--ast-global-color-4)","background-image":"","background-repeat":"repeat","background-position":"center center","background-size":"auto","background-attachment":"scroll","background-type":"","background-media":"","overlay-type":"","overlay-color":"","overlay-opacity":"","overlay-gradient":""}},"footnotes":""},"class_list":["post-1212","page","type-page","status-publish","hentry"],"jetpack_sharing_enabled":true,"jetpack-related-posts":[{"id":877,"url":"https:\/\/easyglobalconsulting.com\/index.php\/nos-formations\/","url_meta":{"origin":1212,"position":0},"title":"Formations EasyGlo Outils de collaboration\u2026","author":"@assistante","date":"20 octobre 2025","format":false,"excerpt":"Formations EasyGlo Outils de collaboration digitale et IA D\u00e9couvrez comment exploiter les outils collaboratifs et l\u2019IA pour booster la productivit\u00e9 et fluidifier le travail en \u00e9quipe. savoir+ Initiation aux outils IA Initiez-vous aux technologies d\u2019IA pour int\u00e9grer des solutions intelligentes dans vos activit\u00e9s professionnelles. savoir+ S\u00e9curisation des SI Renforcez la\u2026","rel":"","context":"Article similaire","block_context":{"text":"Article similaire","link":""},"img":{"alt_text":"","src":"https:\/\/i0.wp.com\/easyglobalconsulting.com\/wp-content\/uploads\/2025\/08\/le-support-technique-supervise-le-reseau-neuronal-d-ia-scaled.jpg?resize=350%2C200&ssl=1","width":350,"height":200,"srcset":"https:\/\/i0.wp.com\/easyglobalconsulting.com\/wp-content\/uploads\/2025\/08\/le-support-technique-supervise-le-reseau-neuronal-d-ia-scaled.jpg?resize=350%2C200&ssl=1 1x, https:\/\/i0.wp.com\/easyglobalconsulting.com\/wp-content\/uploads\/2025\/08\/le-support-technique-supervise-le-reseau-neuronal-d-ia-scaled.jpg?resize=525%2C300&ssl=1 1.5x, https:\/\/i0.wp.com\/easyglobalconsulting.com\/wp-content\/uploads\/2025\/08\/le-support-technique-supervise-le-reseau-neuronal-d-ia-scaled.jpg?resize=700%2C400&ssl=1 2x, https:\/\/i0.wp.com\/easyglobalconsulting.com\/wp-content\/uploads\/2025\/08\/le-support-technique-supervise-le-reseau-neuronal-d-ia-scaled.jpg?resize=1050%2C600&ssl=1 3x, https:\/\/i0.wp.com\/easyglobalconsulting.com\/wp-content\/uploads\/2025\/08\/le-support-technique-supervise-le-reseau-neuronal-d-ia-scaled.jpg?resize=1400%2C800&ssl=1 4x"},"classes":[]},{"id":1373,"url":"https:\/\/easyglobalconsulting.com\/index.php\/pourquoi-nous-choisir\/","url_meta":{"origin":1212,"position":1},"title":"Pourquoi nous choisir?","author":"@assistante","date":"6 novembre 2025","format":false,"excerpt":"POURQUOI CHOISIR EasyGlo +10 ans d\u2019exp\u00e9rience+10 ans d\u2019expertise + Atteinte assur\u00e9edes Objectifs Clients + Partenaire PECB = Assurance de laSatisfaction Client\u00e8le UN PARTENAIRE DE CONFIANCE EasyGlo est \u00e9galement partenaire PECB, une r\u00e9f\u00e9rence internationale dans le domaine des certifications et des standards professionnels. Ce partenariat t\u00e9moigne de notre engagement envers :\u2026","rel":"","context":"Article similaire","block_context":{"text":"Article similaire","link":""},"img":{"alt_text":"","src":"https:\/\/i0.wp.com\/easyglobalconsulting.com\/wp-content\/uploads\/2026\/02\/Image1.png?resize=350%2C200&ssl=1","width":350,"height":200,"srcset":"https:\/\/i0.wp.com\/easyglobalconsulting.com\/wp-content\/uploads\/2026\/02\/Image1.png?resize=350%2C200&ssl=1 1x, https:\/\/i0.wp.com\/easyglobalconsulting.com\/wp-content\/uploads\/2026\/02\/Image1.png?resize=525%2C300&ssl=1 1.5x, https:\/\/i0.wp.com\/easyglobalconsulting.com\/wp-content\/uploads\/2026\/02\/Image1.png?resize=700%2C400&ssl=1 2x, https:\/\/i0.wp.com\/easyglobalconsulting.com\/wp-content\/uploads\/2026\/02\/Image1.png?resize=1050%2C600&ssl=1 3x"},"classes":[]},{"id":1107,"url":"https:\/\/easyglobalconsulting.com\/index.php\/savoir_1\/","url_meta":{"origin":1212,"position":2},"title":"savoir+_1","author":"@assistante","date":"24 octobre 2025","format":false,"excerpt":"T \ud83e\udd16 2. Intelligence Artificielle (IA) dans la collaboration L\u2019IA vient enrichir ces outils en automatisant certaines t\u00e2ches et en am\u00e9liorant la prise de d\u00e9cision. \ud83d\udca1 Applications concr\u00e8tes : Assistants intelligents (comme Copilot, ChatGPT, Gemini) : aident \u00e0 r\u00e9diger, r\u00e9sumer, ou trouver des informations rapidement. Traduction automatique : facilite les\u2026","rel":"","context":"Article similaire","block_context":{"text":"Article similaire","link":""},"img":{"alt_text":"","src":"https:\/\/i0.wp.com\/easyglobalconsulting.com\/wp-content\/uploads\/2025\/08\/le-support-technique-supervise-le-reseau-neuronal-d-ia-scaled.jpg?resize=350%2C200&ssl=1","width":350,"height":200,"srcset":"https:\/\/i0.wp.com\/easyglobalconsulting.com\/wp-content\/uploads\/2025\/08\/le-support-technique-supervise-le-reseau-neuronal-d-ia-scaled.jpg?resize=350%2C200&ssl=1 1x, https:\/\/i0.wp.com\/easyglobalconsulting.com\/wp-content\/uploads\/2025\/08\/le-support-technique-supervise-le-reseau-neuronal-d-ia-scaled.jpg?resize=525%2C300&ssl=1 1.5x, https:\/\/i0.wp.com\/easyglobalconsulting.com\/wp-content\/uploads\/2025\/08\/le-support-technique-supervise-le-reseau-neuronal-d-ia-scaled.jpg?resize=700%2C400&ssl=1 2x, https:\/\/i0.wp.com\/easyglobalconsulting.com\/wp-content\/uploads\/2025\/08\/le-support-technique-supervise-le-reseau-neuronal-d-ia-scaled.jpg?resize=1050%2C600&ssl=1 3x, https:\/\/i0.wp.com\/easyglobalconsulting.com\/wp-content\/uploads\/2025\/08\/le-support-technique-supervise-le-reseau-neuronal-d-ia-scaled.jpg?resize=1400%2C800&ssl=1 4x"},"classes":[]},{"id":1203,"url":"https:\/\/easyglobalconsulting.com\/index.php\/savoir_2\/","url_meta":{"origin":1212,"position":3},"title":"savoir+_2","author":"@assistante","date":"3 novembre 2025","format":false,"excerpt":"\ud83c\udfaf 3. Pourquoi apprendre \u00e0 utiliser les outils d\u2019IA ? Gagner du temps : automatiser les t\u00e2ches r\u00e9p\u00e9titives. Am\u00e9liorer la cr\u00e9ativit\u00e9 : g\u00e9n\u00e9rer des id\u00e9es, des visuels, ou des textes. Prendre de meilleures d\u00e9cisions : gr\u00e2ce \u00e0 l\u2019analyse rapide des donn\u00e9es. Rester comp\u00e9titif : les m\u00e9tiers du futur int\u00e9greront tous\u2026","rel":"","context":"Article similaire","block_context":{"text":"Article similaire","link":""},"img":{"alt_text":"","src":"https:\/\/i0.wp.com\/easyglobalconsulting.com\/wp-content\/uploads\/2025\/08\/femmes-a-angle-eleve-mettant-les-mains-ensemble-scaled.jpg?resize=350%2C200&ssl=1","width":350,"height":200,"srcset":"https:\/\/i0.wp.com\/easyglobalconsulting.com\/wp-content\/uploads\/2025\/08\/femmes-a-angle-eleve-mettant-les-mains-ensemble-scaled.jpg?resize=350%2C200&ssl=1 1x, https:\/\/i0.wp.com\/easyglobalconsulting.com\/wp-content\/uploads\/2025\/08\/femmes-a-angle-eleve-mettant-les-mains-ensemble-scaled.jpg?resize=525%2C300&ssl=1 1.5x, https:\/\/i0.wp.com\/easyglobalconsulting.com\/wp-content\/uploads\/2025\/08\/femmes-a-angle-eleve-mettant-les-mains-ensemble-scaled.jpg?resize=700%2C400&ssl=1 2x, https:\/\/i0.wp.com\/easyglobalconsulting.com\/wp-content\/uploads\/2025\/08\/femmes-a-angle-eleve-mettant-les-mains-ensemble-scaled.jpg?resize=1050%2C600&ssl=1 3x, https:\/\/i0.wp.com\/easyglobalconsulting.com\/wp-content\/uploads\/2025\/08\/femmes-a-angle-eleve-mettant-les-mains-ensemble-scaled.jpg?resize=1400%2C800&ssl=1 4x"},"classes":[]},{"id":1206,"url":"https:\/\/easyglobalconsulting.com\/index.php\/savoir_3\/","url_meta":{"origin":1212,"position":4},"title":"savoir+_3","author":"@assistante","date":"3 novembre 2025","format":false,"excerpt":"\u26a0\ufe0f 3. Les principales menaces \ud83e\udda0 Virus, ransomwares, malwares : bloquent ou d\u00e9truisent les donn\u00e9es. \ud83c\udfa3 Phishing (hame\u00e7onnage) : vol d\u2019identifiants par e-mails trompeurs. \ud83d\udca5 Attaques par d\u00e9ni de service (DDoS) : saturent les serveurs. \ud83d\udc64 Erreurs humaines : mauvaise manipulation, fuite de donn\u00e9es. \ud83d\udd75\ufe0f\u200d\u2642\ufe0f Intrusions et piratages : acc\u00e8s\u2026","rel":"","context":"Article similaire","block_context":{"text":"Article similaire","link":""},"img":{"alt_text":"","src":"https:\/\/i0.wp.com\/easyglobalconsulting.com\/wp-content\/uploads\/2025\/04\/standard-quality-control-collage-concept-scaled.jpg?resize=350%2C200&ssl=1","width":350,"height":200,"srcset":"https:\/\/i0.wp.com\/easyglobalconsulting.com\/wp-content\/uploads\/2025\/04\/standard-quality-control-collage-concept-scaled.jpg?resize=350%2C200&ssl=1 1x, https:\/\/i0.wp.com\/easyglobalconsulting.com\/wp-content\/uploads\/2025\/04\/standard-quality-control-collage-concept-scaled.jpg?resize=525%2C300&ssl=1 1.5x, https:\/\/i0.wp.com\/easyglobalconsulting.com\/wp-content\/uploads\/2025\/04\/standard-quality-control-collage-concept-scaled.jpg?resize=700%2C400&ssl=1 2x, https:\/\/i0.wp.com\/easyglobalconsulting.com\/wp-content\/uploads\/2025\/04\/standard-quality-control-collage-concept-scaled.jpg?resize=1050%2C600&ssl=1 3x, https:\/\/i0.wp.com\/easyglobalconsulting.com\/wp-content\/uploads\/2025\/04\/standard-quality-control-collage-concept-scaled.jpg?resize=1400%2C800&ssl=1 4x"},"classes":[]},{"id":1215,"url":"https:\/\/easyglobalconsulting.com\/index.php\/savoir_6\/","url_meta":{"origin":1212,"position":5},"title":"savoir+_6","author":"@assistante","date":"3 novembre 2025","format":false,"excerpt":"\ud83e\udded 4. Les grandes \u00e9tapes du changement \u00c9tapeDescriptionExemple1. DiagnosticIdentifier les besoins, impacts et acteurs concern\u00e9sAnalyse des impacts d\u2019un nouveau logiciel2. PlanificationD\u00e9finir la strat\u00e9gie de conduite du changementChoisir les outils, les formations, la communication3. CommunicationInformer et rassurer les \u00e9quipesR\u00e9unions, newsletters, d\u00e9monstrations4. Formation et accompagnementDonner les comp\u00e9tences n\u00e9cessairesSessions de formation, tutoriels, assistance5.\u2026","rel":"","context":"Article similaire","block_context":{"text":"Article similaire","link":""},"img":{"alt_text":"","src":"https:\/\/i0.wp.com\/easyglobalconsulting.com\/wp-content\/uploads\/2025\/08\/des-collegues-participent-a-une-reunion-de-resolution-de-problemes-dans-une-societe-scaled.jpg?resize=350%2C200&ssl=1","width":350,"height":200,"srcset":"https:\/\/i0.wp.com\/easyglobalconsulting.com\/wp-content\/uploads\/2025\/08\/des-collegues-participent-a-une-reunion-de-resolution-de-problemes-dans-une-societe-scaled.jpg?resize=350%2C200&ssl=1 1x, https:\/\/i0.wp.com\/easyglobalconsulting.com\/wp-content\/uploads\/2025\/08\/des-collegues-participent-a-une-reunion-de-resolution-de-problemes-dans-une-societe-scaled.jpg?resize=525%2C300&ssl=1 1.5x, https:\/\/i0.wp.com\/easyglobalconsulting.com\/wp-content\/uploads\/2025\/08\/des-collegues-participent-a-une-reunion-de-resolution-de-problemes-dans-une-societe-scaled.jpg?resize=700%2C400&ssl=1 2x, https:\/\/i0.wp.com\/easyglobalconsulting.com\/wp-content\/uploads\/2025\/08\/des-collegues-participent-a-une-reunion-de-resolution-de-problemes-dans-une-societe-scaled.jpg?resize=1050%2C600&ssl=1 3x, https:\/\/i0.wp.com\/easyglobalconsulting.com\/wp-content\/uploads\/2025\/08\/des-collegues-participent-a-une-reunion-de-resolution-de-problemes-dans-une-societe-scaled.jpg?resize=1400%2C800&ssl=1 4x"},"classes":[]}],"_links":{"self":[{"href":"https:\/\/easyglobalconsulting.com\/index.php\/wp-json\/wp\/v2\/pages\/1212","targetHints":{"allow":["GET"]}}],"collection":[{"href":"https:\/\/easyglobalconsulting.com\/index.php\/wp-json\/wp\/v2\/pages"}],"about":[{"href":"https:\/\/easyglobalconsulting.com\/index.php\/wp-json\/wp\/v2\/types\/page"}],"author":[{"embeddable":true,"href":"https:\/\/easyglobalconsulting.com\/index.php\/wp-json\/wp\/v2\/users\/1"}],"replies":[{"embeddable":true,"href":"https:\/\/easyglobalconsulting.com\/index.php\/wp-json\/wp\/v2\/comments?post=1212"}],"version-history":[{"count":6,"href":"https:\/\/easyglobalconsulting.com\/index.php\/wp-json\/wp\/v2\/pages\/1212\/revisions"}],"predecessor-version":[{"id":2162,"href":"https:\/\/easyglobalconsulting.com\/index.php\/wp-json\/wp\/v2\/pages\/1212\/revisions\/2162"}],"wp:attachment":[{"href":"https:\/\/easyglobalconsulting.com\/index.php\/wp-json\/wp\/v2\/media?parent=1212"}],"curies":[{"name":"wp","href":"https:\/\/api.w.org\/{rel}","templated":true}]}}