{"id":1209,"date":"2025-11-03T13:42:43","date_gmt":"2025-11-03T13:42:43","guid":{"rendered":"https:\/\/easyglobalconsulting.com\/?page_id=1209"},"modified":"2026-03-11T16:25:12","modified_gmt":"2026-03-11T16:25:12","slug":"savoir_4","status":"publish","type":"page","link":"https:\/\/easyglobalconsulting.com\/index.php\/savoir_4\/","title":{"rendered":"savoir+_4"},"content":{"rendered":"\n<div class=\"wp-block-cover alignfull is-light has-ast-global-color-8-color has-text-color has-link-color wp-elements-e8bdc75ed32dbaf6d4289f9cba725097\" style=\"margin-top:0;margin-bottom:0;padding-top:0;padding-bottom:0;min-height:50px;aspect-ratio:unset;\"><span aria-hidden=\"true\" class=\"wp-block-cover__background has-ast-global-color-8-background-color has-background-dim-0 has-background-dim\"><\/span><div class=\"wp-block-cover__inner-container is-layout-constrained wp-container-core-cover-is-layout-2d4dec71 wp-block-cover-is-layout-constrained\">\n<div class=\"wp-block-columns is-layout-flex wp-container-core-columns-is-layout-2fca5a9e wp-block-columns-is-layout-flex\" style=\"margin-top:96px;margin-bottom:96px\">\n<div class=\"wp-block-column is-layout-flow wp-block-column-is-layout-flow\" style=\"flex-basis:48%\">\n<figure class=\"wp-block-image size-full is-resized\"><img fetchpriority=\"high\" decoding=\"async\" width=\"2560\" height=\"1762\" src=\"https:\/\/easyglobalconsulting.com\/wp-content\/uploads\/2025\/08\/antenne-de-telecommunications-pour-radio-television-et-telephone-avec-nuage-et-ciel-bleu-scaled.jpg\" alt=\"\" class=\"wp-image-534\" style=\"aspect-ratio:1;object-fit:cover;width:600px;height:undefinedpx\" srcset=\"https:\/\/easyglobalconsulting.com\/wp-content\/uploads\/2025\/08\/antenne-de-telecommunications-pour-radio-television-et-telephone-avec-nuage-et-ciel-bleu-scaled.jpg 2560w, https:\/\/easyglobalconsulting.com\/wp-content\/uploads\/2025\/08\/antenne-de-telecommunications-pour-radio-television-et-telephone-avec-nuage-et-ciel-bleu-300x206.jpg 300w, https:\/\/easyglobalconsulting.com\/wp-content\/uploads\/2025\/08\/antenne-de-telecommunications-pour-radio-television-et-telephone-avec-nuage-et-ciel-bleu-1024x705.jpg 1024w, https:\/\/easyglobalconsulting.com\/wp-content\/uploads\/2025\/08\/antenne-de-telecommunications-pour-radio-television-et-telephone-avec-nuage-et-ciel-bleu-768x528.jpg 768w, https:\/\/easyglobalconsulting.com\/wp-content\/uploads\/2025\/08\/antenne-de-telecommunications-pour-radio-television-et-telephone-avec-nuage-et-ciel-bleu-1536x1057.jpg 1536w, https:\/\/easyglobalconsulting.com\/wp-content\/uploads\/2025\/08\/antenne-de-telecommunications-pour-radio-television-et-telephone-avec-nuage-et-ciel-bleu-2048x1409.jpg 2048w\" sizes=\"(max-width: 2560px) 100vw, 2560px\" \/><figcaption class=\"wp-element-caption\">Telecommunications antenna for radio, television and telephone with cloud and blue sky<\/figcaption><\/figure>\n\n\n\n<h3 class=\"wp-block-heading\">\ud83d\udd12 <strong>5. Avantages et inconv\u00e9nients<\/strong><\/h3>\n\n\n\n<h4 class=\"wp-block-heading\">\u2705 <strong>Avantages<\/strong><\/h4>\n\n\n\n<ul class=\"wp-block-list\">\n<li>Installation rapide (pas besoin de c\u00e2bles)<\/li>\n\n\n\n<li>Co\u00fbt r\u00e9duit sur longue distance<\/li>\n\n\n\n<li>Bonne flexibilit\u00e9 g\u00e9ographique<\/li>\n\n\n\n<li>D\u00e9bit \u00e9lev\u00e9 possible (jusqu\u2019\u00e0 plusieurs Gbit\/s)<\/li>\n<\/ul>\n\n\n\n<h4 class=\"wp-block-heading\">\u274c <strong>Inconv\u00e9nients<\/strong><\/h4>\n\n\n\n<ul class=\"wp-block-list\">\n<li>Sensible aux conditions m\u00e9t\u00e9o (pluie, brouillard)<\/li>\n\n\n\n<li>N\u00e9cessite une ligne de vis\u00e9e d\u00e9gag\u00e9e<\/li>\n\n\n\n<li>S\u00e9curit\u00e9 et interf\u00e9rences \u00e0 surveiller<\/li>\n\n\n\n<li>Port\u00e9e limit\u00e9e par la puissance et la fr\u00e9quence<\/li>\n<\/ul>\n\n\n\n<h3 class=\"wp-block-heading\">\ud83e\udde0 <strong>6. Applications courantes<\/strong><\/h3>\n\n\n\n<ul class=\"wp-block-list\">\n<li>Interconnexion de sites d\u2019entreprise (bureaux, usines, antennes relais)<\/li>\n\n\n\n<li>Transmission t\u00e9l\u00e9com (Internet, t\u00e9l\u00e9phonie mobile, t\u00e9l\u00e9vision)<\/li>\n\n\n\n<li>R\u00e9seaux de secours ou militaires<\/li>\n\n\n\n<li>Acc\u00e8s Internet dans les zones rurales<\/li>\n<\/ul>\n\n\n\n<h3 class=\"wp-block-heading\">\ud83d\udef0\ufe0f <strong>7. Objectif final<\/strong><\/h3>\n\n\n\n<blockquote class=\"wp-block-quote is-layout-flow wp-block-quote-is-layout-flow\">\n<p>Assurer une <strong>connexion haut d\u00e9bit fiable et sans fil<\/strong> entre des points distants, en compl\u00e9ment ou en remplacement de la fibre optique.<\/p>\n<\/blockquote>\n<\/div>\n\n\n\n<div class=\"wp-block-column is-vertically-aligned-center is-layout-flow wp-block-column-is-layout-flow\">\n<h2 class=\"wp-block-heading has-text-align-left has-text-color\" style=\"color:#5a667b;margin-top:0px;margin-bottom:2rem;font-size:60px;font-style:normal;font-weight:400;line-height:1.2\">Liaisons Hertziennes.<\/h2>\n\n\n\n<p class=\"has-text-align-left has-text-color\" style=\"color:#000000;margin-top:0px;margin-bottom:0px;font-size:26px;line-height:1.6\">Voici une explication claire et structur\u00e9e sur le th\u00e8me :<\/p>\n\n\n\n<h2 class=\"wp-block-heading\" style=\"font-size:37px\">\ud83d\udce1 <strong>Les Liaisons Hertziennes \u2014 Explication compl\u00e8te<\/strong><\/h2>\n\n\n\n<hr class=\"wp-block-separator has-alpha-channel-opacity\"\/>\n\n\n\n<h3 class=\"wp-block-heading\">\ud83c\udf0d <strong>1. D\u00e9finition<\/strong><\/h3>\n\n\n\n<p>Une <strong>liaison hertzienne<\/strong> est un <strong>moyen de communication sans fil<\/strong> qui utilise les <strong>ondes \u00e9lectromagn\u00e9tiques<\/strong> (dites <em>ondes hertziennes<\/em>) pour transmettre des informations <strong>entre deux points<\/strong>, sans passer par un c\u00e2ble physique.<\/p>\n\n\n\n<blockquote class=\"wp-block-quote is-layout-flow wp-block-quote-is-layout-flow\">\n<p>En r\u00e9sum\u00e9 : c\u2019est une <strong>connexion radio<\/strong> entre deux antennes (ou plus) permettant de transporter de la voix, des donn\u00e9es ou des images.<\/p>\n<\/blockquote>\n\n\n\n<hr class=\"wp-block-separator has-alpha-channel-opacity\"\/>\n\n\n\n<h3 class=\"wp-block-heading\">\u2699\ufe0f <strong>2. Principe de fonctionnement<\/strong><\/h3>\n\n\n\n<p>Les liaisons hertziennes fonctionnent sur le principe suivant :<\/p>\n\n\n\n<ol class=\"wp-block-list\">\n<li>Une <strong>antenne \u00e9mettrice<\/strong> envoie un signal radio vers une <strong>antenne r\u00e9ceptrice<\/strong>.<\/li>\n\n\n\n<li>Ce signal est <strong>modul\u00e9<\/strong> pour transporter des donn\u00e9es (voix, Internet, vid\u00e9o\u2026).<\/li>\n\n\n\n<li>La communication se fait via <strong>les ondes \u00e9lectromagn\u00e9tiques<\/strong> dans l\u2019air.<\/li>\n<\/ol>\n\n\n\n<p>Ces ondes se propagent <strong>dans la ligne de vis\u00e9e directe<\/strong> (<em>Line of Sight<\/em>), c\u2019est-\u00e0-dire qu\u2019il ne doit pas y avoir d\u2019obstacle (b\u00e2timent, montagne, etc.) entre les antennes.<\/p>\n\n\n\n<hr class=\"wp-block-separator has-alpha-channel-opacity\"\/>\n\n\n\n<h3 class=\"wp-block-heading\">\ud83d\udd22 <strong>3. Les bandes de fr\u00e9quences utilis\u00e9es<\/strong><\/h3>\n\n\n\n<p>Les liaisons hertziennes utilisent diff\u00e9rentes <strong>bandes de fr\u00e9quences radio<\/strong>, selon la port\u00e9e et la qualit\u00e9 voulue :<\/p>\n\n\n\n<figure class=\"wp-block-table\"><table class=\"has-fixed-layout\"><thead><tr><th>Bande<\/th><th>Fr\u00e9quence approximative<\/th><th>Usage<\/th><\/tr><\/thead><tbody><tr><td>UHF<\/td><td>300 MHz \u2013 3 GHz<\/td><td>T\u00e9l\u00e9vision, communications mobiles<\/td><\/tr><tr><td>SHF<\/td><td>3 GHz \u2013 30 GHz<\/td><td>Faisceaux hertziens, Wi-Fi longue port\u00e9e<\/td><\/tr><tr><td>EHF<\/td><td>&gt; 30 GHz<\/td><td>5G, liaisons satellites, tr\u00e8s haut d\u00e9bit<\/td><\/tr><\/tbody><\/table><\/figure>\n\n\n\n<hr class=\"wp-block-separator has-alpha-channel-opacity\"\/>\n\n\n\n<h3 class=\"wp-block-heading\">\ud83d\ude80 <strong>4. Types de liaisons hertziennes<\/strong><\/h3>\n\n\n\n<figure class=\"wp-block-table\"><table class=\"has-fixed-layout\"><thead><tr><th>Type<\/th><th>Description<\/th><th>Exemple<\/th><\/tr><\/thead><tbody><tr><td><strong>Point \u00e0 point<\/strong><\/td><td>Une antenne \u00e9met vers une seule autre<\/td><td>Lien entre deux b\u00e2timents<\/td><\/tr><tr><td><strong>Point \u00e0 multipoint<\/strong><\/td><td>Une antenne centrale \u00e9met vers plusieurs stations<\/td><td>R\u00e9seaux Internet sans fil, 4G\/5G<\/td><\/tr><tr><td><strong>Satellite<\/strong><\/td><td>Transmission via un satellite en orbite<\/td><td>TV satellite, communications mondiales<\/td><\/tr><tr><td><strong>Wi-Fi \/ WiMAX<\/strong><\/td><td>Liaisons locales ou r\u00e9gionales<\/td><td>R\u00e9seaux d\u2019entreprise ou urbains<\/td><\/tr><\/tbody><\/table><\/figure>\n\n\n\n<hr class=\"wp-block-separator has-alpha-channel-opacity\"\/>\n\n\n\n<p class=\"has-text-align-left has-text-color\" style=\"color:#000000;margin-top:0px;margin-bottom:0px;font-size:26px;line-height:1.6\"><\/p>\n<\/div>\n<\/div>\n<\/div><\/div>\n","protected":false},"excerpt":{"rendered":"","protected":false},"author":1,"featured_media":0,"parent":0,"menu_order":0,"comment_status":"closed","ping_status":"closed","template":"","meta":{"site-sidebar-layout":"default","site-content-layout":"","ast-site-content-layout":"default","site-content-style":"default","site-sidebar-style":"default","ast-global-header-display":"","ast-banner-title-visibility":"","ast-main-header-display":"","ast-hfb-above-header-display":"","ast-hfb-below-header-display":"","ast-hfb-mobile-header-display":"","site-post-title":"","ast-breadcrumbs-content":"","ast-featured-img":"","footer-sml-layout":"","ast-disable-related-posts":"","theme-transparent-header-meta":"","adv-header-id-meta":"","stick-header-meta":"","header-above-stick-meta":"","header-main-stick-meta":"","header-below-stick-meta":"","astra-migrate-meta-layouts":"default","ast-page-background-enabled":"default","ast-page-background-meta":{"desktop":{"background-color":"var(--ast-global-color-5)","background-image":"","background-repeat":"repeat","background-position":"center center","background-size":"auto","background-attachment":"scroll","background-type":"","background-media":"","overlay-type":"","overlay-color":"","overlay-opacity":"","overlay-gradient":""},"tablet":{"background-color":"","background-image":"","background-repeat":"repeat","background-position":"center center","background-size":"auto","background-attachment":"scroll","background-type":"","background-media":"","overlay-type":"","overlay-color":"","overlay-opacity":"","overlay-gradient":""},"mobile":{"background-color":"","background-image":"","background-repeat":"repeat","background-position":"center center","background-size":"auto","background-attachment":"scroll","background-type":"","background-media":"","overlay-type":"","overlay-color":"","overlay-opacity":"","overlay-gradient":""}},"ast-content-background-meta":{"desktop":{"background-color":"var(--ast-global-color-4)","background-image":"","background-repeat":"repeat","background-position":"center center","background-size":"auto","background-attachment":"scroll","background-type":"","background-media":"","overlay-type":"","overlay-color":"","overlay-opacity":"","overlay-gradient":""},"tablet":{"background-color":"var(--ast-global-color-4)","background-image":"","background-repeat":"repeat","background-position":"center center","background-size":"auto","background-attachment":"scroll","background-type":"","background-media":"","overlay-type":"","overlay-color":"","overlay-opacity":"","overlay-gradient":""},"mobile":{"background-color":"var(--ast-global-color-4)","background-image":"","background-repeat":"repeat","background-position":"center center","background-size":"auto","background-attachment":"scroll","background-type":"","background-media":"","overlay-type":"","overlay-color":"","overlay-opacity":"","overlay-gradient":""}},"footnotes":""},"class_list":["post-1209","page","type-page","status-publish","hentry"],"jetpack_sharing_enabled":true,"jetpack-related-posts":[{"id":877,"url":"https:\/\/easyglobalconsulting.com\/index.php\/nos-formations\/","url_meta":{"origin":1209,"position":0},"title":"Formations EasyGlo Outils de collaboration\u2026","author":"@assistante","date":"20 octobre 2025","format":false,"excerpt":"Formations EasyGlo Outils de collaboration digitale et IA D\u00e9couvrez comment exploiter les outils collaboratifs et l\u2019IA pour booster la productivit\u00e9 et fluidifier le travail en \u00e9quipe. savoir+ Initiation aux outils IA Initiez-vous aux technologies d\u2019IA pour int\u00e9grer des solutions intelligentes dans vos activit\u00e9s professionnelles. savoir+ S\u00e9curisation des SI Renforcez la\u2026","rel":"","context":"Article similaire","block_context":{"text":"Article similaire","link":""},"img":{"alt_text":"","src":"https:\/\/i0.wp.com\/easyglobalconsulting.com\/wp-content\/uploads\/2025\/08\/le-support-technique-supervise-le-reseau-neuronal-d-ia-scaled.jpg?resize=350%2C200&ssl=1","width":350,"height":200,"srcset":"https:\/\/i0.wp.com\/easyglobalconsulting.com\/wp-content\/uploads\/2025\/08\/le-support-technique-supervise-le-reseau-neuronal-d-ia-scaled.jpg?resize=350%2C200&ssl=1 1x, https:\/\/i0.wp.com\/easyglobalconsulting.com\/wp-content\/uploads\/2025\/08\/le-support-technique-supervise-le-reseau-neuronal-d-ia-scaled.jpg?resize=525%2C300&ssl=1 1.5x, https:\/\/i0.wp.com\/easyglobalconsulting.com\/wp-content\/uploads\/2025\/08\/le-support-technique-supervise-le-reseau-neuronal-d-ia-scaled.jpg?resize=700%2C400&ssl=1 2x, https:\/\/i0.wp.com\/easyglobalconsulting.com\/wp-content\/uploads\/2025\/08\/le-support-technique-supervise-le-reseau-neuronal-d-ia-scaled.jpg?resize=1050%2C600&ssl=1 3x, https:\/\/i0.wp.com\/easyglobalconsulting.com\/wp-content\/uploads\/2025\/08\/le-support-technique-supervise-le-reseau-neuronal-d-ia-scaled.jpg?resize=1400%2C800&ssl=1 4x"},"classes":[]},{"id":1373,"url":"https:\/\/easyglobalconsulting.com\/index.php\/pourquoi-nous-choisir\/","url_meta":{"origin":1209,"position":1},"title":"Pourquoi nous choisir?","author":"@assistante","date":"6 novembre 2025","format":false,"excerpt":"POURQUOI CHOISIR EasyGlo +10 ans d\u2019exp\u00e9rience+10 ans d\u2019expertise + Atteinte assur\u00e9edes Objectifs Clients + Partenaire PECB = Assurance de laSatisfaction Client\u00e8le UN PARTENAIRE DE CONFIANCE EasyGlo est \u00e9galement partenaire PECB, une r\u00e9f\u00e9rence internationale dans le domaine des certifications et des standards professionnels. Ce partenariat t\u00e9moigne de notre engagement envers :\u2026","rel":"","context":"Article similaire","block_context":{"text":"Article similaire","link":""},"img":{"alt_text":"","src":"https:\/\/i0.wp.com\/easyglobalconsulting.com\/wp-content\/uploads\/2026\/02\/Image1.png?resize=350%2C200&ssl=1","width":350,"height":200,"srcset":"https:\/\/i0.wp.com\/easyglobalconsulting.com\/wp-content\/uploads\/2026\/02\/Image1.png?resize=350%2C200&ssl=1 1x, https:\/\/i0.wp.com\/easyglobalconsulting.com\/wp-content\/uploads\/2026\/02\/Image1.png?resize=525%2C300&ssl=1 1.5x, https:\/\/i0.wp.com\/easyglobalconsulting.com\/wp-content\/uploads\/2026\/02\/Image1.png?resize=700%2C400&ssl=1 2x, https:\/\/i0.wp.com\/easyglobalconsulting.com\/wp-content\/uploads\/2026\/02\/Image1.png?resize=1050%2C600&ssl=1 3x"},"classes":[]},{"id":1107,"url":"https:\/\/easyglobalconsulting.com\/index.php\/savoir_1\/","url_meta":{"origin":1209,"position":2},"title":"savoir+_1","author":"@assistante","date":"24 octobre 2025","format":false,"excerpt":"T \ud83e\udd16 2. Intelligence Artificielle (IA) dans la collaboration L\u2019IA vient enrichir ces outils en automatisant certaines t\u00e2ches et en am\u00e9liorant la prise de d\u00e9cision. \ud83d\udca1 Applications concr\u00e8tes : Assistants intelligents (comme Copilot, ChatGPT, Gemini) : aident \u00e0 r\u00e9diger, r\u00e9sumer, ou trouver des informations rapidement. Traduction automatique : facilite les\u2026","rel":"","context":"Article similaire","block_context":{"text":"Article similaire","link":""},"img":{"alt_text":"","src":"https:\/\/i0.wp.com\/easyglobalconsulting.com\/wp-content\/uploads\/2025\/08\/le-support-technique-supervise-le-reseau-neuronal-d-ia-scaled.jpg?resize=350%2C200&ssl=1","width":350,"height":200,"srcset":"https:\/\/i0.wp.com\/easyglobalconsulting.com\/wp-content\/uploads\/2025\/08\/le-support-technique-supervise-le-reseau-neuronal-d-ia-scaled.jpg?resize=350%2C200&ssl=1 1x, https:\/\/i0.wp.com\/easyglobalconsulting.com\/wp-content\/uploads\/2025\/08\/le-support-technique-supervise-le-reseau-neuronal-d-ia-scaled.jpg?resize=525%2C300&ssl=1 1.5x, https:\/\/i0.wp.com\/easyglobalconsulting.com\/wp-content\/uploads\/2025\/08\/le-support-technique-supervise-le-reseau-neuronal-d-ia-scaled.jpg?resize=700%2C400&ssl=1 2x, https:\/\/i0.wp.com\/easyglobalconsulting.com\/wp-content\/uploads\/2025\/08\/le-support-technique-supervise-le-reseau-neuronal-d-ia-scaled.jpg?resize=1050%2C600&ssl=1 3x, https:\/\/i0.wp.com\/easyglobalconsulting.com\/wp-content\/uploads\/2025\/08\/le-support-technique-supervise-le-reseau-neuronal-d-ia-scaled.jpg?resize=1400%2C800&ssl=1 4x"},"classes":[]},{"id":1206,"url":"https:\/\/easyglobalconsulting.com\/index.php\/savoir_3\/","url_meta":{"origin":1209,"position":3},"title":"savoir+_3","author":"@assistante","date":"3 novembre 2025","format":false,"excerpt":"\u26a0\ufe0f 3. Les principales menaces \ud83e\udda0 Virus, ransomwares, malwares : bloquent ou d\u00e9truisent les donn\u00e9es. \ud83c\udfa3 Phishing (hame\u00e7onnage) : vol d\u2019identifiants par e-mails trompeurs. \ud83d\udca5 Attaques par d\u00e9ni de service (DDoS) : saturent les serveurs. \ud83d\udc64 Erreurs humaines : mauvaise manipulation, fuite de donn\u00e9es. \ud83d\udd75\ufe0f\u200d\u2642\ufe0f Intrusions et piratages : acc\u00e8s\u2026","rel":"","context":"Article similaire","block_context":{"text":"Article similaire","link":""},"img":{"alt_text":"","src":"https:\/\/i0.wp.com\/easyglobalconsulting.com\/wp-content\/uploads\/2025\/04\/standard-quality-control-collage-concept-scaled.jpg?resize=350%2C200&ssl=1","width":350,"height":200,"srcset":"https:\/\/i0.wp.com\/easyglobalconsulting.com\/wp-content\/uploads\/2025\/04\/standard-quality-control-collage-concept-scaled.jpg?resize=350%2C200&ssl=1 1x, https:\/\/i0.wp.com\/easyglobalconsulting.com\/wp-content\/uploads\/2025\/04\/standard-quality-control-collage-concept-scaled.jpg?resize=525%2C300&ssl=1 1.5x, https:\/\/i0.wp.com\/easyglobalconsulting.com\/wp-content\/uploads\/2025\/04\/standard-quality-control-collage-concept-scaled.jpg?resize=700%2C400&ssl=1 2x, https:\/\/i0.wp.com\/easyglobalconsulting.com\/wp-content\/uploads\/2025\/04\/standard-quality-control-collage-concept-scaled.jpg?resize=1050%2C600&ssl=1 3x, https:\/\/i0.wp.com\/easyglobalconsulting.com\/wp-content\/uploads\/2025\/04\/standard-quality-control-collage-concept-scaled.jpg?resize=1400%2C800&ssl=1 4x"},"classes":[]},{"id":1203,"url":"https:\/\/easyglobalconsulting.com\/index.php\/savoir_2\/","url_meta":{"origin":1209,"position":4},"title":"savoir+_2","author":"@assistante","date":"3 novembre 2025","format":false,"excerpt":"\ud83c\udfaf 3. Pourquoi apprendre \u00e0 utiliser les outils d\u2019IA ? Gagner du temps : automatiser les t\u00e2ches r\u00e9p\u00e9titives. Am\u00e9liorer la cr\u00e9ativit\u00e9 : g\u00e9n\u00e9rer des id\u00e9es, des visuels, ou des textes. Prendre de meilleures d\u00e9cisions : gr\u00e2ce \u00e0 l\u2019analyse rapide des donn\u00e9es. Rester comp\u00e9titif : les m\u00e9tiers du futur int\u00e9greront tous\u2026","rel":"","context":"Article similaire","block_context":{"text":"Article similaire","link":""},"img":{"alt_text":"","src":"https:\/\/i0.wp.com\/easyglobalconsulting.com\/wp-content\/uploads\/2025\/08\/femmes-a-angle-eleve-mettant-les-mains-ensemble-scaled.jpg?resize=350%2C200&ssl=1","width":350,"height":200,"srcset":"https:\/\/i0.wp.com\/easyglobalconsulting.com\/wp-content\/uploads\/2025\/08\/femmes-a-angle-eleve-mettant-les-mains-ensemble-scaled.jpg?resize=350%2C200&ssl=1 1x, https:\/\/i0.wp.com\/easyglobalconsulting.com\/wp-content\/uploads\/2025\/08\/femmes-a-angle-eleve-mettant-les-mains-ensemble-scaled.jpg?resize=525%2C300&ssl=1 1.5x, https:\/\/i0.wp.com\/easyglobalconsulting.com\/wp-content\/uploads\/2025\/08\/femmes-a-angle-eleve-mettant-les-mains-ensemble-scaled.jpg?resize=700%2C400&ssl=1 2x, https:\/\/i0.wp.com\/easyglobalconsulting.com\/wp-content\/uploads\/2025\/08\/femmes-a-angle-eleve-mettant-les-mains-ensemble-scaled.jpg?resize=1050%2C600&ssl=1 3x, https:\/\/i0.wp.com\/easyglobalconsulting.com\/wp-content\/uploads\/2025\/08\/femmes-a-angle-eleve-mettant-les-mains-ensemble-scaled.jpg?resize=1400%2C800&ssl=1 4x"},"classes":[]},{"id":1212,"url":"https:\/\/easyglobalconsulting.com\/index.php\/savoir_5\/","url_meta":{"origin":1209,"position":5},"title":"savoir+_5","author":"@assistante","date":"3 novembre 2025","format":false,"excerpt":"\u2699\ufe0f 2. ISO 22301 \u2013 Continuit\u00e9 d\u2019Activit\u00e9 \ud83d\udcd8 D\u00e9finition : La norme ISO 22301 d\u00e9finit les exigences pour un Syst\u00e8me de Management de la Continuit\u00e9 d\u2019Activit\u00e9 (SMCA).Elle aide les organisations \u00e0 pr\u00e9venir les interruptions (panne, cyberattaque, incendie, crise) et \u00e0 assurer la reprise rapide des activit\u00e9s. En clair : ISO\u2026","rel":"","context":"Article similaire","block_context":{"text":"Article similaire","link":""},"img":{"alt_text":"","src":"https:\/\/i0.wp.com\/easyglobalconsulting.com\/wp-content\/uploads\/2025\/08\/concept-de-controle-qualite-standard-m-2-scaled.jpg?resize=350%2C200&ssl=1","width":350,"height":200,"srcset":"https:\/\/i0.wp.com\/easyglobalconsulting.com\/wp-content\/uploads\/2025\/08\/concept-de-controle-qualite-standard-m-2-scaled.jpg?resize=350%2C200&ssl=1 1x, https:\/\/i0.wp.com\/easyglobalconsulting.com\/wp-content\/uploads\/2025\/08\/concept-de-controle-qualite-standard-m-2-scaled.jpg?resize=525%2C300&ssl=1 1.5x, https:\/\/i0.wp.com\/easyglobalconsulting.com\/wp-content\/uploads\/2025\/08\/concept-de-controle-qualite-standard-m-2-scaled.jpg?resize=700%2C400&ssl=1 2x, https:\/\/i0.wp.com\/easyglobalconsulting.com\/wp-content\/uploads\/2025\/08\/concept-de-controle-qualite-standard-m-2-scaled.jpg?resize=1050%2C600&ssl=1 3x, https:\/\/i0.wp.com\/easyglobalconsulting.com\/wp-content\/uploads\/2025\/08\/concept-de-controle-qualite-standard-m-2-scaled.jpg?resize=1400%2C800&ssl=1 4x"},"classes":[]}],"_links":{"self":[{"href":"https:\/\/easyglobalconsulting.com\/index.php\/wp-json\/wp\/v2\/pages\/1209","targetHints":{"allow":["GET"]}}],"collection":[{"href":"https:\/\/easyglobalconsulting.com\/index.php\/wp-json\/wp\/v2\/pages"}],"about":[{"href":"https:\/\/easyglobalconsulting.com\/index.php\/wp-json\/wp\/v2\/types\/page"}],"author":[{"embeddable":true,"href":"https:\/\/easyglobalconsulting.com\/index.php\/wp-json\/wp\/v2\/users\/1"}],"replies":[{"embeddable":true,"href":"https:\/\/easyglobalconsulting.com\/index.php\/wp-json\/wp\/v2\/comments?post=1209"}],"version-history":[{"count":5,"href":"https:\/\/easyglobalconsulting.com\/index.php\/wp-json\/wp\/v2\/pages\/1209\/revisions"}],"predecessor-version":[{"id":2161,"href":"https:\/\/easyglobalconsulting.com\/index.php\/wp-json\/wp\/v2\/pages\/1209\/revisions\/2161"}],"wp:attachment":[{"href":"https:\/\/easyglobalconsulting.com\/index.php\/wp-json\/wp\/v2\/media?parent=1209"}],"curies":[{"name":"wp","href":"https:\/\/api.w.org\/{rel}","templated":true}]}}