{"id":1206,"date":"2025-11-03T13:42:10","date_gmt":"2025-11-03T13:42:10","guid":{"rendered":"https:\/\/easyglobalconsulting.com\/?page_id=1206"},"modified":"2026-03-11T16:24:41","modified_gmt":"2026-03-11T16:24:41","slug":"savoir_3","status":"publish","type":"page","link":"https:\/\/easyglobalconsulting.com\/index.php\/savoir_3\/","title":{"rendered":"savoir+_3"},"content":{"rendered":"\n<div class=\"wp-block-cover alignfull is-light has-ast-global-color-8-color has-text-color has-link-color wp-elements-16cbd5b712d92fe253b40eab9c19e39c\" style=\"margin-top:0;margin-bottom:0;padding-top:0;padding-bottom:0;min-height:50px;aspect-ratio:unset;\"><span aria-hidden=\"true\" class=\"wp-block-cover__background has-ast-global-color-8-background-color has-background-dim-0 has-background-dim\"><\/span><div class=\"wp-block-cover__inner-container is-layout-constrained wp-container-core-cover-is-layout-2d4dec71 wp-block-cover-is-layout-constrained\">\n<div class=\"wp-block-columns is-layout-flex wp-container-core-columns-is-layout-2fca5a9e wp-block-columns-is-layout-flex\" style=\"margin-top:96px;margin-bottom:96px\">\n<div class=\"wp-block-column is-layout-flow wp-block-column-is-layout-flow\" style=\"flex-basis:48%\">\n<figure class=\"wp-block-image size-full is-resized\"><img fetchpriority=\"high\" decoding=\"async\" width=\"2560\" height=\"1698\" src=\"https:\/\/easyglobalconsulting.com\/wp-content\/uploads\/2025\/04\/standard-quality-control-collage-concept-scaled.jpg\" alt=\"\" class=\"wp-image-100\" style=\"aspect-ratio:1;object-fit:cover;width:600px;height:undefinedpx\" srcset=\"https:\/\/easyglobalconsulting.com\/wp-content\/uploads\/2025\/04\/standard-quality-control-collage-concept-scaled.jpg 2560w, https:\/\/easyglobalconsulting.com\/wp-content\/uploads\/2025\/04\/standard-quality-control-collage-concept-300x199.jpg 300w, https:\/\/easyglobalconsulting.com\/wp-content\/uploads\/2025\/04\/standard-quality-control-collage-concept-1024x679.jpg 1024w, https:\/\/easyglobalconsulting.com\/wp-content\/uploads\/2025\/04\/standard-quality-control-collage-concept-768x509.jpg 768w, https:\/\/easyglobalconsulting.com\/wp-content\/uploads\/2025\/04\/standard-quality-control-collage-concept-1536x1019.jpg 1536w, https:\/\/easyglobalconsulting.com\/wp-content\/uploads\/2025\/04\/standard-quality-control-collage-concept-2048x1358.jpg 2048w\" sizes=\"(max-width: 2560px) 100vw, 2560px\" \/><\/figure>\n\n\n\n<h3 class=\"wp-block-heading\">\u26a0\ufe0f <strong>3. Les principales menaces<\/strong><\/h3>\n\n\n\n<ul class=\"wp-block-list\">\n<li>\ud83e\udda0 <strong>Virus, ransomwares, malwares<\/strong> : bloquent ou d\u00e9truisent les donn\u00e9es.<\/li>\n\n\n\n<li>\ud83c\udfa3 <strong>Phishing (hame\u00e7onnage)<\/strong> : vol d\u2019identifiants par e-mails trompeurs.<\/li>\n\n\n\n<li>\ud83d\udca5 <strong>Attaques par d\u00e9ni de service (DDoS)<\/strong> : saturent les serveurs.<\/li>\n\n\n\n<li>\ud83d\udc64 <strong>Erreurs humaines<\/strong> : mauvaise manipulation, fuite de donn\u00e9es.<\/li>\n\n\n\n<li>\ud83d\udd75\ufe0f\u200d\u2642\ufe0f <strong>Intrusions et piratages<\/strong> : acc\u00e8s non autoris\u00e9s \u00e0 un r\u00e9seau.<\/li>\n<\/ul>\n\n\n\n<h3 class=\"wp-block-heading\">\ud83e\uddf0 <strong>4. Les solutions de s\u00e9curit\u00e9<\/strong><\/h3>\n\n\n\n<h4 class=\"wp-block-heading\">\ud83d\uded1 <strong>Mesures techniques<\/strong><\/h4>\n\n\n\n<ul class=\"wp-block-list\">\n<li>Pare-feu (firewall), antivirus, antimalware<\/li>\n\n\n\n<li>Syst\u00e8mes de d\u00e9tection d\u2019intrusion (IDS\/IPS)<\/li>\n\n\n\n<li>Chiffrement des communications (SSL\/TLS, VPN)<\/li>\n\n\n\n<li>Sauvegardes automatiques et redondantes<\/li>\n<\/ul>\n\n\n\n<h4 class=\"wp-block-heading\">\ud83e\uddcd <strong>Mesures humaines et organisationnelles<\/strong><\/h4>\n\n\n\n<ul class=\"wp-block-list\">\n<li>Formation des utilisateurs \u00e0 la cybers\u00e9curit\u00e9<\/li>\n\n\n\n<li>Politiques de mot de passe et d\u2019acc\u00e8s strictes<\/li>\n\n\n\n<li>Gestion des mises \u00e0 jour et des correctifs<\/li>\n\n\n\n<li>Plan de reprise d\u2019activit\u00e9 (PRA) et plan de continuit\u00e9 (PCA)<\/li>\n<\/ul>\n\n\n\n<h3 class=\"wp-block-heading\">\ud83d\udcca <strong>5. Normes et bonnes pratiques<\/strong><\/h3>\n\n\n\n<p>Pour structurer et certifier la s\u00e9curit\u00e9, plusieurs r\u00e9f\u00e9rentiels existent :<\/p>\n\n\n\n<ul class=\"wp-block-list\">\n<li><strong>ISO\/IEC 27001<\/strong> : norme internationale de s\u00e9curit\u00e9 de l\u2019information<\/li>\n<\/ul>\n<\/div>\n\n\n\n<div class=\"wp-block-column is-vertically-aligned-center is-layout-flow wp-block-column-is-layout-flow\">\n<h2 class=\"wp-block-heading has-text-align-left has-text-color\" style=\"color:#1276b0;margin-top:0px;margin-bottom:2rem;font-size:60px;font-style:normal;font-weight:400;line-height:1.2\">S\u00e9curisation des SI.<\/h2>\n\n\n\n<p class=\"has-text-align-left has-text-color\" style=\"color:#000000;margin-top:0px;margin-bottom:0px;font-size:26px;line-height:1.6\">Voici une explication claire et structur\u00e9e sur le th\u00e8me :<\/p>\n\n\n\n<h2 class=\"wp-block-heading\" style=\"font-size:37px\">\ud83d\udee1\ufe0f <strong>S\u00e9curisation des Syst\u00e8mes d\u2019Information (SI)<\/strong><\/h2>\n\n\n\n<hr class=\"wp-block-separator has-alpha-channel-opacity\"\/>\n\n\n\n<h3 class=\"wp-block-heading\">\ud83d\udcbb <strong>1. Qu\u2019est-ce qu\u2019un Syst\u00e8me d\u2019Information (SI) ?<\/strong><\/h3>\n\n\n\n<p>Un <strong>Syst\u00e8me d\u2019Information<\/strong> regroupe <strong>l\u2019ensemble des ressources<\/strong> (mat\u00e9riels, logiciels, donn\u00e9es, r\u00e9seaux, proc\u00e9dures et utilisateurs) permettant \u00e0 une organisation de <strong>collecter, traiter, stocker et diffuser l\u2019information<\/strong>.<\/p>\n\n\n\n<blockquote class=\"wp-block-quote has-ast-global-color-8-color has-text-color has-link-color wp-elements-ca9d0c89d0145510972765655ee160a3 is-layout-flow wp-block-quote-is-layout-flow\">\n<p>Exemple : les serveurs, les ordinateurs, les logiciels m\u00e9tiers, les e-mails et les bases de donn\u00e9es d\u2019une entreprise font partie du SI.<\/p>\n<\/blockquote>\n\n\n\n<hr class=\"wp-block-separator has-alpha-channel-opacity\"\/>\n\n\n\n<h3 class=\"wp-block-heading\">\ud83d\udd10 <strong>2. Qu\u2019est-ce que la S\u00e9curisation du SI ?<\/strong><\/h3>\n\n\n\n<p>C\u2019est <strong>l\u2019ensemble des moyens techniques, organisationnels et humains<\/strong> mis en place pour <strong>prot\u00e9ger les donn\u00e9es et les infrastructures informatiques<\/strong> contre les menaces.<\/p>\n\n\n\n<p>L\u2019objectif principal :<\/p>\n\n\n\n<blockquote class=\"wp-block-quote has-ast-global-color-8-color has-text-color has-link-color wp-elements-41bcecb2e7dc01fe377a124985366fc3 is-layout-flow wp-block-quote-is-layout-flow\">\n<p><strong>Garantir la confidentialit\u00e9, l\u2019int\u00e9grit\u00e9 et la disponibilit\u00e9 des informations (le fameux triangle CIA)<\/strong><\/p>\n<\/blockquote>\n\n\n\n<figure class=\"wp-block-table\"><table class=\"has-fixed-layout\"><thead><tr><th>Principe<\/th><th>Signification<\/th><th>Exemple<\/th><\/tr><\/thead><tbody><tr><td><strong>Confidentialit\u00e9<\/strong><\/td><td>Seules les personnes autoris\u00e9es acc\u00e8dent aux donn\u00e9es<\/td><td>Mots de passe, chiffrement<\/td><\/tr><tr><td><strong>Int\u00e9grit\u00e9<\/strong><\/td><td>Les donn\u00e9es ne doivent pas \u00eatre modifi\u00e9es sans autorisation<\/td><td>Contr\u00f4le d\u2019acc\u00e8s, signatures num\u00e9riques<\/td><\/tr><tr><td><strong>Disponibilit\u00e9<\/strong><\/td><td>Les syst\u00e8mes doivent rester accessibles en cas d\u2019incident<\/td><td>Sauvegardes, redondance des serveurs<\/td><\/tr><\/tbody><\/table><\/figure>\n\n\n\n<hr class=\"wp-block-separator has-alpha-channel-opacity\"\/>\n\n\n\n<h3 class=\"wp-block-heading\">\ud83d\ude80 <strong>6. Objectif final<\/strong><\/h3>\n\n\n\n<blockquote class=\"wp-block-quote has-ast-global-color-8-color has-text-color has-link-color wp-elements-44fb0514c7d9379366dd13ddbd15ba49 is-layout-flow wp-block-quote-is-layout-flow\">\n<p>Assurer la <strong>r\u00e9silience num\u00e9rique<\/strong> : \u00eatre capable de pr\u00e9venir, d\u00e9tecter, r\u00e9agir et se relever rapidement apr\u00e8s une attaque.<\/p>\n<\/blockquote>\n\n\n\n<hr class=\"wp-block-separator has-alpha-channel-opacity\"\/>\n\n\n\n<p class=\"has-text-align-left has-text-color\" style=\"color:#000000;margin-top:0px;margin-bottom:0px;font-size:26px;line-height:1.6\"><\/p>\n<\/div>\n<\/div>\n<\/div><\/div>\n","protected":false},"excerpt":{"rendered":"","protected":false},"author":1,"featured_media":0,"parent":0,"menu_order":0,"comment_status":"closed","ping_status":"closed","template":"","meta":{"site-sidebar-layout":"default","site-content-layout":"","ast-site-content-layout":"default","site-content-style":"default","site-sidebar-style":"default","ast-global-header-display":"","ast-banner-title-visibility":"","ast-main-header-display":"","ast-hfb-above-header-display":"","ast-hfb-below-header-display":"","ast-hfb-mobile-header-display":"","site-post-title":"","ast-breadcrumbs-content":"","ast-featured-img":"","footer-sml-layout":"","ast-disable-related-posts":"","theme-transparent-header-meta":"","adv-header-id-meta":"","stick-header-meta":"","header-above-stick-meta":"","header-main-stick-meta":"","header-below-stick-meta":"","astra-migrate-meta-layouts":"default","ast-page-background-enabled":"default","ast-page-background-meta":{"desktop":{"background-color":"var(--ast-global-color-5)","background-image":"","background-repeat":"repeat","background-position":"center center","background-size":"auto","background-attachment":"scroll","background-type":"","background-media":"","overlay-type":"","overlay-color":"","overlay-opacity":"","overlay-gradient":""},"tablet":{"background-color":"","background-image":"","background-repeat":"repeat","background-position":"center center","background-size":"auto","background-attachment":"scroll","background-type":"","background-media":"","overlay-type":"","overlay-color":"","overlay-opacity":"","overlay-gradient":""},"mobile":{"background-color":"","background-image":"","background-repeat":"repeat","background-position":"center center","background-size":"auto","background-attachment":"scroll","background-type":"","background-media":"","overlay-type":"","overlay-color":"","overlay-opacity":"","overlay-gradient":""}},"ast-content-background-meta":{"desktop":{"background-color":"var(--ast-global-color-4)","background-image":"","background-repeat":"repeat","background-position":"center center","background-size":"auto","background-attachment":"scroll","background-type":"","background-media":"","overlay-type":"","overlay-color":"","overlay-opacity":"","overlay-gradient":""},"tablet":{"background-color":"var(--ast-global-color-4)","background-image":"","background-repeat":"repeat","background-position":"center center","background-size":"auto","background-attachment":"scroll","background-type":"","background-media":"","overlay-type":"","overlay-color":"","overlay-opacity":"","overlay-gradient":""},"mobile":{"background-color":"var(--ast-global-color-4)","background-image":"","background-repeat":"repeat","background-position":"center center","background-size":"auto","background-attachment":"scroll","background-type":"","background-media":"","overlay-type":"","overlay-color":"","overlay-opacity":"","overlay-gradient":""}},"footnotes":""},"class_list":["post-1206","page","type-page","status-publish","hentry"],"jetpack_sharing_enabled":true,"jetpack-related-posts":[{"id":877,"url":"https:\/\/easyglobalconsulting.com\/index.php\/nos-formations\/","url_meta":{"origin":1206,"position":0},"title":"Formations EasyGlo Outils de collaboration\u2026","author":"@assistante","date":"20 octobre 2025","format":false,"excerpt":"Formations EasyGlo Outils de collaboration digitale et IA D\u00e9couvrez comment exploiter les outils collaboratifs et l\u2019IA pour booster la productivit\u00e9 et fluidifier le travail en \u00e9quipe. savoir+ Initiation aux outils IA Initiez-vous aux technologies d\u2019IA pour int\u00e9grer des solutions intelligentes dans vos activit\u00e9s professionnelles. savoir+ S\u00e9curisation des SI Renforcez la\u2026","rel":"","context":"Article similaire","block_context":{"text":"Article similaire","link":""},"img":{"alt_text":"","src":"https:\/\/i0.wp.com\/easyglobalconsulting.com\/wp-content\/uploads\/2025\/08\/le-support-technique-supervise-le-reseau-neuronal-d-ia-scaled.jpg?resize=350%2C200&ssl=1","width":350,"height":200,"srcset":"https:\/\/i0.wp.com\/easyglobalconsulting.com\/wp-content\/uploads\/2025\/08\/le-support-technique-supervise-le-reseau-neuronal-d-ia-scaled.jpg?resize=350%2C200&ssl=1 1x, https:\/\/i0.wp.com\/easyglobalconsulting.com\/wp-content\/uploads\/2025\/08\/le-support-technique-supervise-le-reseau-neuronal-d-ia-scaled.jpg?resize=525%2C300&ssl=1 1.5x, https:\/\/i0.wp.com\/easyglobalconsulting.com\/wp-content\/uploads\/2025\/08\/le-support-technique-supervise-le-reseau-neuronal-d-ia-scaled.jpg?resize=700%2C400&ssl=1 2x, https:\/\/i0.wp.com\/easyglobalconsulting.com\/wp-content\/uploads\/2025\/08\/le-support-technique-supervise-le-reseau-neuronal-d-ia-scaled.jpg?resize=1050%2C600&ssl=1 3x, https:\/\/i0.wp.com\/easyglobalconsulting.com\/wp-content\/uploads\/2025\/08\/le-support-technique-supervise-le-reseau-neuronal-d-ia-scaled.jpg?resize=1400%2C800&ssl=1 4x"},"classes":[]},{"id":1373,"url":"https:\/\/easyglobalconsulting.com\/index.php\/pourquoi-nous-choisir\/","url_meta":{"origin":1206,"position":1},"title":"Pourquoi nous choisir?","author":"@assistante","date":"6 novembre 2025","format":false,"excerpt":"POURQUOI CHOISIR EasyGlo +10 ans d\u2019exp\u00e9rience+10 ans d\u2019expertise + Atteinte assur\u00e9edes Objectifs Clients + Partenaire PECB = Assurance de laSatisfaction Client\u00e8le UN PARTENAIRE DE CONFIANCE EasyGlo est \u00e9galement partenaire PECB, une r\u00e9f\u00e9rence internationale dans le domaine des certifications et des standards professionnels. Ce partenariat t\u00e9moigne de notre engagement envers :\u2026","rel":"","context":"Article similaire","block_context":{"text":"Article similaire","link":""},"img":{"alt_text":"","src":"https:\/\/i0.wp.com\/easyglobalconsulting.com\/wp-content\/uploads\/2026\/02\/Image1.png?resize=350%2C200&ssl=1","width":350,"height":200,"srcset":"https:\/\/i0.wp.com\/easyglobalconsulting.com\/wp-content\/uploads\/2026\/02\/Image1.png?resize=350%2C200&ssl=1 1x, https:\/\/i0.wp.com\/easyglobalconsulting.com\/wp-content\/uploads\/2026\/02\/Image1.png?resize=525%2C300&ssl=1 1.5x, https:\/\/i0.wp.com\/easyglobalconsulting.com\/wp-content\/uploads\/2026\/02\/Image1.png?resize=700%2C400&ssl=1 2x, https:\/\/i0.wp.com\/easyglobalconsulting.com\/wp-content\/uploads\/2026\/02\/Image1.png?resize=1050%2C600&ssl=1 3x"},"classes":[]},{"id":1107,"url":"https:\/\/easyglobalconsulting.com\/index.php\/savoir_1\/","url_meta":{"origin":1206,"position":2},"title":"savoir+_1","author":"@assistante","date":"24 octobre 2025","format":false,"excerpt":"T \ud83e\udd16 2. Intelligence Artificielle (IA) dans la collaboration L\u2019IA vient enrichir ces outils en automatisant certaines t\u00e2ches et en am\u00e9liorant la prise de d\u00e9cision. \ud83d\udca1 Applications concr\u00e8tes : Assistants intelligents (comme Copilot, ChatGPT, Gemini) : aident \u00e0 r\u00e9diger, r\u00e9sumer, ou trouver des informations rapidement. Traduction automatique : facilite les\u2026","rel":"","context":"Article similaire","block_context":{"text":"Article similaire","link":""},"img":{"alt_text":"","src":"https:\/\/i0.wp.com\/easyglobalconsulting.com\/wp-content\/uploads\/2025\/08\/le-support-technique-supervise-le-reseau-neuronal-d-ia-scaled.jpg?resize=350%2C200&ssl=1","width":350,"height":200,"srcset":"https:\/\/i0.wp.com\/easyglobalconsulting.com\/wp-content\/uploads\/2025\/08\/le-support-technique-supervise-le-reseau-neuronal-d-ia-scaled.jpg?resize=350%2C200&ssl=1 1x, https:\/\/i0.wp.com\/easyglobalconsulting.com\/wp-content\/uploads\/2025\/08\/le-support-technique-supervise-le-reseau-neuronal-d-ia-scaled.jpg?resize=525%2C300&ssl=1 1.5x, https:\/\/i0.wp.com\/easyglobalconsulting.com\/wp-content\/uploads\/2025\/08\/le-support-technique-supervise-le-reseau-neuronal-d-ia-scaled.jpg?resize=700%2C400&ssl=1 2x, https:\/\/i0.wp.com\/easyglobalconsulting.com\/wp-content\/uploads\/2025\/08\/le-support-technique-supervise-le-reseau-neuronal-d-ia-scaled.jpg?resize=1050%2C600&ssl=1 3x, https:\/\/i0.wp.com\/easyglobalconsulting.com\/wp-content\/uploads\/2025\/08\/le-support-technique-supervise-le-reseau-neuronal-d-ia-scaled.jpg?resize=1400%2C800&ssl=1 4x"},"classes":[]},{"id":1203,"url":"https:\/\/easyglobalconsulting.com\/index.php\/savoir_2\/","url_meta":{"origin":1206,"position":3},"title":"savoir+_2","author":"@assistante","date":"3 novembre 2025","format":false,"excerpt":"\ud83c\udfaf 3. Pourquoi apprendre \u00e0 utiliser les outils d\u2019IA ? Gagner du temps : automatiser les t\u00e2ches r\u00e9p\u00e9titives. Am\u00e9liorer la cr\u00e9ativit\u00e9 : g\u00e9n\u00e9rer des id\u00e9es, des visuels, ou des textes. Prendre de meilleures d\u00e9cisions : gr\u00e2ce \u00e0 l\u2019analyse rapide des donn\u00e9es. Rester comp\u00e9titif : les m\u00e9tiers du futur int\u00e9greront tous\u2026","rel":"","context":"Article similaire","block_context":{"text":"Article similaire","link":""},"img":{"alt_text":"","src":"https:\/\/i0.wp.com\/easyglobalconsulting.com\/wp-content\/uploads\/2025\/08\/femmes-a-angle-eleve-mettant-les-mains-ensemble-scaled.jpg?resize=350%2C200&ssl=1","width":350,"height":200,"srcset":"https:\/\/i0.wp.com\/easyglobalconsulting.com\/wp-content\/uploads\/2025\/08\/femmes-a-angle-eleve-mettant-les-mains-ensemble-scaled.jpg?resize=350%2C200&ssl=1 1x, https:\/\/i0.wp.com\/easyglobalconsulting.com\/wp-content\/uploads\/2025\/08\/femmes-a-angle-eleve-mettant-les-mains-ensemble-scaled.jpg?resize=525%2C300&ssl=1 1.5x, https:\/\/i0.wp.com\/easyglobalconsulting.com\/wp-content\/uploads\/2025\/08\/femmes-a-angle-eleve-mettant-les-mains-ensemble-scaled.jpg?resize=700%2C400&ssl=1 2x, https:\/\/i0.wp.com\/easyglobalconsulting.com\/wp-content\/uploads\/2025\/08\/femmes-a-angle-eleve-mettant-les-mains-ensemble-scaled.jpg?resize=1050%2C600&ssl=1 3x, https:\/\/i0.wp.com\/easyglobalconsulting.com\/wp-content\/uploads\/2025\/08\/femmes-a-angle-eleve-mettant-les-mains-ensemble-scaled.jpg?resize=1400%2C800&ssl=1 4x"},"classes":[]},{"id":1215,"url":"https:\/\/easyglobalconsulting.com\/index.php\/savoir_6\/","url_meta":{"origin":1206,"position":4},"title":"savoir+_6","author":"@assistante","date":"3 novembre 2025","format":false,"excerpt":"\ud83e\udded 4. Les grandes \u00e9tapes du changement \u00c9tapeDescriptionExemple1. DiagnosticIdentifier les besoins, impacts et acteurs concern\u00e9sAnalyse des impacts d\u2019un nouveau logiciel2. PlanificationD\u00e9finir la strat\u00e9gie de conduite du changementChoisir les outils, les formations, la communication3. CommunicationInformer et rassurer les \u00e9quipesR\u00e9unions, newsletters, d\u00e9monstrations4. Formation et accompagnementDonner les comp\u00e9tences n\u00e9cessairesSessions de formation, tutoriels, assistance5.\u2026","rel":"","context":"Article similaire","block_context":{"text":"Article similaire","link":""},"img":{"alt_text":"","src":"https:\/\/i0.wp.com\/easyglobalconsulting.com\/wp-content\/uploads\/2025\/08\/des-collegues-participent-a-une-reunion-de-resolution-de-problemes-dans-une-societe-scaled.jpg?resize=350%2C200&ssl=1","width":350,"height":200,"srcset":"https:\/\/i0.wp.com\/easyglobalconsulting.com\/wp-content\/uploads\/2025\/08\/des-collegues-participent-a-une-reunion-de-resolution-de-problemes-dans-une-societe-scaled.jpg?resize=350%2C200&ssl=1 1x, https:\/\/i0.wp.com\/easyglobalconsulting.com\/wp-content\/uploads\/2025\/08\/des-collegues-participent-a-une-reunion-de-resolution-de-problemes-dans-une-societe-scaled.jpg?resize=525%2C300&ssl=1 1.5x, https:\/\/i0.wp.com\/easyglobalconsulting.com\/wp-content\/uploads\/2025\/08\/des-collegues-participent-a-une-reunion-de-resolution-de-problemes-dans-une-societe-scaled.jpg?resize=700%2C400&ssl=1 2x, https:\/\/i0.wp.com\/easyglobalconsulting.com\/wp-content\/uploads\/2025\/08\/des-collegues-participent-a-une-reunion-de-resolution-de-problemes-dans-une-societe-scaled.jpg?resize=1050%2C600&ssl=1 3x, https:\/\/i0.wp.com\/easyglobalconsulting.com\/wp-content\/uploads\/2025\/08\/des-collegues-participent-a-une-reunion-de-resolution-de-problemes-dans-une-societe-scaled.jpg?resize=1400%2C800&ssl=1 4x"},"classes":[]},{"id":1212,"url":"https:\/\/easyglobalconsulting.com\/index.php\/savoir_5\/","url_meta":{"origin":1206,"position":5},"title":"savoir+_5","author":"@assistante","date":"3 novembre 2025","format":false,"excerpt":"\u2699\ufe0f 2. ISO 22301 \u2013 Continuit\u00e9 d\u2019Activit\u00e9 \ud83d\udcd8 D\u00e9finition : La norme ISO 22301 d\u00e9finit les exigences pour un Syst\u00e8me de Management de la Continuit\u00e9 d\u2019Activit\u00e9 (SMCA).Elle aide les organisations \u00e0 pr\u00e9venir les interruptions (panne, cyberattaque, incendie, crise) et \u00e0 assurer la reprise rapide des activit\u00e9s. En clair : ISO\u2026","rel":"","context":"Article similaire","block_context":{"text":"Article similaire","link":""},"img":{"alt_text":"","src":"https:\/\/i0.wp.com\/easyglobalconsulting.com\/wp-content\/uploads\/2025\/08\/concept-de-controle-qualite-standard-m-2-scaled.jpg?resize=350%2C200&ssl=1","width":350,"height":200,"srcset":"https:\/\/i0.wp.com\/easyglobalconsulting.com\/wp-content\/uploads\/2025\/08\/concept-de-controle-qualite-standard-m-2-scaled.jpg?resize=350%2C200&ssl=1 1x, https:\/\/i0.wp.com\/easyglobalconsulting.com\/wp-content\/uploads\/2025\/08\/concept-de-controle-qualite-standard-m-2-scaled.jpg?resize=525%2C300&ssl=1 1.5x, https:\/\/i0.wp.com\/easyglobalconsulting.com\/wp-content\/uploads\/2025\/08\/concept-de-controle-qualite-standard-m-2-scaled.jpg?resize=700%2C400&ssl=1 2x, https:\/\/i0.wp.com\/easyglobalconsulting.com\/wp-content\/uploads\/2025\/08\/concept-de-controle-qualite-standard-m-2-scaled.jpg?resize=1050%2C600&ssl=1 3x, https:\/\/i0.wp.com\/easyglobalconsulting.com\/wp-content\/uploads\/2025\/08\/concept-de-controle-qualite-standard-m-2-scaled.jpg?resize=1400%2C800&ssl=1 4x"},"classes":[]}],"_links":{"self":[{"href":"https:\/\/easyglobalconsulting.com\/index.php\/wp-json\/wp\/v2\/pages\/1206","targetHints":{"allow":["GET"]}}],"collection":[{"href":"https:\/\/easyglobalconsulting.com\/index.php\/wp-json\/wp\/v2\/pages"}],"about":[{"href":"https:\/\/easyglobalconsulting.com\/index.php\/wp-json\/wp\/v2\/types\/page"}],"author":[{"embeddable":true,"href":"https:\/\/easyglobalconsulting.com\/index.php\/wp-json\/wp\/v2\/users\/1"}],"replies":[{"embeddable":true,"href":"https:\/\/easyglobalconsulting.com\/index.php\/wp-json\/wp\/v2\/comments?post=1206"}],"version-history":[{"count":8,"href":"https:\/\/easyglobalconsulting.com\/index.php\/wp-json\/wp\/v2\/pages\/1206\/revisions"}],"predecessor-version":[{"id":2160,"href":"https:\/\/easyglobalconsulting.com\/index.php\/wp-json\/wp\/v2\/pages\/1206\/revisions\/2160"}],"wp:attachment":[{"href":"https:\/\/easyglobalconsulting.com\/index.php\/wp-json\/wp\/v2\/media?parent=1206"}],"curies":[{"name":"wp","href":"https:\/\/api.w.org\/{rel}","templated":true}]}}