{"id":1107,"date":"2025-10-24T00:30:42","date_gmt":"2025-10-24T00:30:42","guid":{"rendered":"https:\/\/easyglobalconsulting.com\/?page_id=1107"},"modified":"2026-03-11T16:23:46","modified_gmt":"2026-03-11T16:23:46","slug":"savoir_1","status":"publish","type":"page","link":"https:\/\/easyglobalconsulting.com\/index.php\/savoir_1\/","title":{"rendered":"savoir+_1"},"content":{"rendered":"\n<div class=\"wp-block-cover alignfull is-light has-custom-content-position is-position-bottom-center has-ast-global-color-8-color has-text-color has-link-color wp-elements-f05bbf64f582615f9f5c2e2421e3a2f8\" style=\"margin-top:0;margin-bottom:0;padding-top:0;padding-bottom:0;min-height:50px;aspect-ratio:unset;\"><span aria-hidden=\"true\" class=\"wp-block-cover__background has-base-background-color has-background-dim-0 has-background-dim\"><\/span><div class=\"wp-block-cover__inner-container is-layout-constrained wp-container-core-cover-is-layout-2d4dec71 wp-block-cover-is-layout-constrained\">\n<div class=\"wp-block-columns is-layout-flex wp-container-core-columns-is-layout-2fca5a9e wp-block-columns-is-layout-flex\" style=\"margin-top:96px;margin-bottom:96px\">\n<div class=\"wp-block-column is-layout-flow wp-block-column-is-layout-flow\" style=\"flex-basis:48%\">\n<figure class=\"wp-block-image size-full is-resized\"><img fetchpriority=\"high\" decoding=\"async\" width=\"2560\" height=\"1707\" src=\"https:\/\/easyglobalconsulting.com\/wp-content\/uploads\/2025\/08\/le-support-technique-supervise-le-reseau-neuronal-d-ia-scaled.jpg\" alt=\"\" class=\"wp-image-533\" style=\"aspect-ratio:1;object-fit:cover;width:600px;height:undefinedpx\" srcset=\"https:\/\/easyglobalconsulting.com\/wp-content\/uploads\/2025\/08\/le-support-technique-supervise-le-reseau-neuronal-d-ia-scaled.jpg 2560w, https:\/\/easyglobalconsulting.com\/wp-content\/uploads\/2025\/08\/le-support-technique-supervise-le-reseau-neuronal-d-ia-300x200.jpg 300w, https:\/\/easyglobalconsulting.com\/wp-content\/uploads\/2025\/08\/le-support-technique-supervise-le-reseau-neuronal-d-ia-1024x683.jpg 1024w, https:\/\/easyglobalconsulting.com\/wp-content\/uploads\/2025\/08\/le-support-technique-supervise-le-reseau-neuronal-d-ia-768x512.jpg 768w, https:\/\/easyglobalconsulting.com\/wp-content\/uploads\/2025\/08\/le-support-technique-supervise-le-reseau-neuronal-d-ia-1536x1024.jpg 1536w, https:\/\/easyglobalconsulting.com\/wp-content\/uploads\/2025\/08\/le-support-technique-supervise-le-reseau-neuronal-d-ia-2048x1365.jpg 2048w\" sizes=\"(max-width: 2560px) 100vw, 2560px\" \/><figcaption class=\"wp-element-caption\">T<\/figcaption><\/figure>\n\n\n\n<h3 class=\"wp-block-heading\">\ud83e\udd16 <strong>2. Intelligence Artificielle (IA) dans la collaboration<\/strong><\/h3>\n\n\n\n<p class=\"has-ast-global-color-8-color has-text-color has-link-color wp-elements-18e8486b33675a1f176107a68f6daff6\">L\u2019IA vient enrichir ces outils en automatisant certaines t\u00e2ches et en am\u00e9liorant la prise de d\u00e9cision.<\/p>\n\n\n\n<h4 class=\"wp-block-heading\">\ud83d\udca1 Applications concr\u00e8tes :<\/h4>\n\n\n\n<ul class=\"wp-block-list has-ast-global-color-8-color has-text-color has-link-color wp-elements-e3697f2713e526a5ab798e91e943afdb\">\n<li><strong>Assistants intelligents<\/strong> (comme Copilot, ChatGPT, Gemini) : aident \u00e0 r\u00e9diger, r\u00e9sumer, ou trouver des informations rapidement.<\/li>\n\n\n\n<li><strong>Traduction automatique<\/strong> : facilite les \u00e9changes entre \u00e9quipes multilingues (ex. DeepL, Google Translate).<\/li>\n\n\n\n<li><strong>Analyse de donn\u00e9es<\/strong> : d\u00e9tecte des tendances, g\u00e9n\u00e8re des rapports ou propose des actions.<\/li>\n\n\n\n<li><strong>Automatisation de t\u00e2ches r\u00e9p\u00e9titives<\/strong> : par exemple, organiser des r\u00e9unions, trier les e-mails ou cat\u00e9goriser des documents.<\/li>\n\n\n\n<li><strong>Collaboration augment\u00e9e<\/strong> : l\u2019IA peut sugg\u00e9rer des id\u00e9es, corriger des textes ou am\u00e9liorer la coh\u00e9rence d\u2019un projet collectif.<\/li>\n<\/ul>\n<\/div>\n\n\n\n<div class=\"wp-block-column is-vertically-aligned-center is-layout-flow wp-block-column-is-layout-flow\">\n<h2 class=\"wp-block-heading has-text-align-left has-text-color\" style=\"color:#b98a08;margin-top:0px;margin-bottom:2rem;font-size:60px;font-style:normal;font-weight:400;line-height:1.2\">Outils de collaboration digitale et IA.<\/h2>\n\n\n\n<p class=\"has-text-align-left has-text-color\" style=\"color:#000000;margin-top:0px;margin-bottom:0px;font-size:26px;line-height:1.6\">Voici une explication claire des <strong>outils de collaboration digitale et de l\u2019intelligence artificielle (IA)<\/strong> <\/p>\n\n\n\n<hr class=\"wp-block-separator has-alpha-channel-opacity\"\/>\n\n\n\n<h3 class=\"wp-block-heading\">\ud83c\udf10 <strong>1. Outils de collaboration digitale<\/strong><\/h3>\n\n\n\n<p class=\"has-ast-global-color-8-color has-text-color has-link-color wp-elements-9eb0e1aec7418f50e913647096ffc4e9\">Ce sont des plateformes et applications permettant \u00e0 des \u00e9quipes de travailler ensemble, m\u00eame \u00e0 distance, de mani\u00e8re fluide et organis\u00e9e.<\/p>\n\n\n\n<h4 class=\"wp-block-heading\">\ud83d\udd27 Exemples :<\/h4>\n\n\n\n<ul class=\"wp-block-list has-ast-global-color-8-color has-text-color has-link-color wp-elements-d6e92f9b50a9d57af68f587876965a0b\">\n<li><strong>Microsoft Teams \/ Slack<\/strong> : pour discuter, partager des fichiers et organiser des r\u00e9unions.<\/li>\n\n\n\n<li><strong>Google Workspace \/ Office 365<\/strong> : pour co\u00e9diter des documents en temps r\u00e9el.<\/li>\n\n\n\n<li><strong>Trello \/ Asana \/ Notion<\/strong> : pour g\u00e9rer les t\u00e2ches et les projets visuellement.<\/li>\n\n\n\n<li><strong>Zoom \/ Meet<\/strong> : pour la visioconf\u00e9rence et le travail \u00e0 distance<\/li>\n<\/ul>\n\n\n\n<h4 class=\"wp-block-heading\">\ud83c\udfaf Objectif :<\/h4>\n\n\n\n<blockquote class=\"wp-block-quote has-black-color has-text-color has-link-color wp-elements-cf8caa9559b92c4cdae85f61c4ad2249 is-layout-flow wp-block-quote-is-layout-flow\">\n<p class=\"has-ast-global-color-8-color has-text-color has-link-color wp-elements-f6095f05ab991c0d2d43fcbd2d31586c\">Faciliter la communication, r\u00e9duire les e-mails internes et am\u00e9liorer la productivit\u00e9 d\u2019\u00e9quipe.<\/p>\n<\/blockquote>\n\n\n\n<hr class=\"wp-block-separator has-alpha-channel-opacity\"\/>\n\n\n\n<hr class=\"wp-block-separator has-alpha-channel-opacity\"\/>\n\n\n\n<h3 class=\"wp-block-heading\"><strong>B\u00e9n\u00e9fices <\/strong><\/h3>\n\n\n\n<figure class=\"wp-block-table\"><table class=\"has-black-color has-text-color has-link-color has-fixed-layout\"><thead><tr><th>Aspect<\/th><th>Outils digitaux<\/th><th>IA<\/th><\/tr><\/thead><tbody><tr><td>Communication<\/td><td>Instantan\u00e9e et fluide<\/td><td>Traduction, r\u00e9sum\u00e9 automatique<\/td><\/tr><tr><td>Productivit\u00e9<\/td><td>Centralisation des projets<\/td><td>Automatisation intelligente<\/td><\/tr><tr><td>Cr\u00e9ativit\u00e9<\/td><td>Travail collaboratif visuel<\/td><td>Suggestions et g\u00e9n\u00e9ration d\u2019id\u00e9es<\/td><\/tr><tr><td>D\u00e9cision<\/td><td>Suivi en temps r\u00e9el<\/td><td>Analyse pr\u00e9dictive et recommandations<\/td><\/tr><\/tbody><\/table><\/figure>\n\n\n\n<p class=\"has-text-align-left has-text-color\" style=\"color:#000000;margin-top:0px;margin-bottom:0px;font-size:26px;line-height:1.6\"><\/p>\n<\/div>\n<\/div>\n<\/div><\/div>\n\n\n\n<p><\/p>\n","protected":false},"excerpt":{"rendered":"","protected":false},"author":1,"featured_media":0,"parent":0,"menu_order":0,"comment_status":"closed","ping_status":"closed","template":"","meta":{"site-sidebar-layout":"default","site-content-layout":"","ast-site-content-layout":"default","site-content-style":"default","site-sidebar-style":"default","ast-global-header-display":"","ast-banner-title-visibility":"","ast-main-header-display":"","ast-hfb-above-header-display":"","ast-hfb-below-header-display":"","ast-hfb-mobile-header-display":"","site-post-title":"disabled","ast-breadcrumbs-content":"","ast-featured-img":"","footer-sml-layout":"","ast-disable-related-posts":"","theme-transparent-header-meta":"","adv-header-id-meta":"","stick-header-meta":"","header-above-stick-meta":"","header-main-stick-meta":"","header-below-stick-meta":"","astra-migrate-meta-layouts":"default","ast-page-background-enabled":"default","ast-page-background-meta":{"desktop":{"background-color":"var(--ast-global-color-5)","background-image":"","background-repeat":"repeat","background-position":"center center","background-size":"auto","background-attachment":"scroll","background-type":"","background-media":"","overlay-type":"","overlay-color":"","overlay-opacity":"","overlay-gradient":""},"tablet":{"background-color":"","background-image":"","background-repeat":"repeat","background-position":"center center","background-size":"auto","background-attachment":"scroll","background-type":"","background-media":"","overlay-type":"","overlay-color":"","overlay-opacity":"","overlay-gradient":""},"mobile":{"background-color":"","background-image":"","background-repeat":"repeat","background-position":"center center","background-size":"auto","background-attachment":"scroll","background-type":"","background-media":"","overlay-type":"","overlay-color":"","overlay-opacity":"","overlay-gradient":""}},"ast-content-background-meta":{"desktop":{"background-color":"var(--ast-global-color-4)","background-image":"","background-repeat":"repeat","background-position":"center center","background-size":"auto","background-attachment":"scroll","background-type":"","background-media":"","overlay-type":"","overlay-color":"","overlay-opacity":"","overlay-gradient":""},"tablet":{"background-color":"var(--ast-global-color-4)","background-image":"","background-repeat":"repeat","background-position":"center center","background-size":"auto","background-attachment":"scroll","background-type":"","background-media":"","overlay-type":"","overlay-color":"","overlay-opacity":"","overlay-gradient":""},"mobile":{"background-color":"var(--ast-global-color-4)","background-image":"","background-repeat":"repeat","background-position":"center center","background-size":"auto","background-attachment":"scroll","background-type":"","background-media":"","overlay-type":"","overlay-color":"","overlay-opacity":"","overlay-gradient":""}},"footnotes":""},"class_list":["post-1107","page","type-page","status-publish","hentry"],"jetpack_sharing_enabled":true,"jetpack-related-posts":[{"id":877,"url":"https:\/\/easyglobalconsulting.com\/index.php\/nos-formations\/","url_meta":{"origin":1107,"position":0},"title":"Formations EasyGlo Outils de collaboration\u2026","author":"@assistante","date":"20 octobre 2025","format":false,"excerpt":"Formations EasyGlo Outils de collaboration digitale et IA D\u00e9couvrez comment exploiter les outils collaboratifs et l\u2019IA pour booster la productivit\u00e9 et fluidifier le travail en \u00e9quipe. savoir+ Initiation aux outils IA Initiez-vous aux technologies d\u2019IA pour int\u00e9grer des solutions intelligentes dans vos activit\u00e9s professionnelles. savoir+ S\u00e9curisation des SI Renforcez la\u2026","rel":"","context":"Article similaire","block_context":{"text":"Article similaire","link":""},"img":{"alt_text":"","src":"https:\/\/i0.wp.com\/easyglobalconsulting.com\/wp-content\/uploads\/2025\/08\/le-support-technique-supervise-le-reseau-neuronal-d-ia-scaled.jpg?resize=350%2C200&ssl=1","width":350,"height":200,"srcset":"https:\/\/i0.wp.com\/easyglobalconsulting.com\/wp-content\/uploads\/2025\/08\/le-support-technique-supervise-le-reseau-neuronal-d-ia-scaled.jpg?resize=350%2C200&ssl=1 1x, https:\/\/i0.wp.com\/easyglobalconsulting.com\/wp-content\/uploads\/2025\/08\/le-support-technique-supervise-le-reseau-neuronal-d-ia-scaled.jpg?resize=525%2C300&ssl=1 1.5x, https:\/\/i0.wp.com\/easyglobalconsulting.com\/wp-content\/uploads\/2025\/08\/le-support-technique-supervise-le-reseau-neuronal-d-ia-scaled.jpg?resize=700%2C400&ssl=1 2x, https:\/\/i0.wp.com\/easyglobalconsulting.com\/wp-content\/uploads\/2025\/08\/le-support-technique-supervise-le-reseau-neuronal-d-ia-scaled.jpg?resize=1050%2C600&ssl=1 3x, https:\/\/i0.wp.com\/easyglobalconsulting.com\/wp-content\/uploads\/2025\/08\/le-support-technique-supervise-le-reseau-neuronal-d-ia-scaled.jpg?resize=1400%2C800&ssl=1 4x"},"classes":[]},{"id":1373,"url":"https:\/\/easyglobalconsulting.com\/index.php\/pourquoi-nous-choisir\/","url_meta":{"origin":1107,"position":1},"title":"Pourquoi nous choisir?","author":"@assistante","date":"6 novembre 2025","format":false,"excerpt":"POURQUOI CHOISIR EasyGlo +10 ans d\u2019exp\u00e9rience+10 ans d\u2019expertise + Atteinte assur\u00e9edes Objectifs Clients + Partenaire PECB = Assurance de laSatisfaction Client\u00e8le UN PARTENAIRE DE CONFIANCE EasyGlo est \u00e9galement partenaire PECB, une r\u00e9f\u00e9rence internationale dans le domaine des certifications et des standards professionnels. Ce partenariat t\u00e9moigne de notre engagement envers :\u2026","rel":"","context":"Article similaire","block_context":{"text":"Article similaire","link":""},"img":{"alt_text":"","src":"https:\/\/i0.wp.com\/easyglobalconsulting.com\/wp-content\/uploads\/2026\/02\/Image1.png?resize=350%2C200&ssl=1","width":350,"height":200,"srcset":"https:\/\/i0.wp.com\/easyglobalconsulting.com\/wp-content\/uploads\/2026\/02\/Image1.png?resize=350%2C200&ssl=1 1x, https:\/\/i0.wp.com\/easyglobalconsulting.com\/wp-content\/uploads\/2026\/02\/Image1.png?resize=525%2C300&ssl=1 1.5x, https:\/\/i0.wp.com\/easyglobalconsulting.com\/wp-content\/uploads\/2026\/02\/Image1.png?resize=700%2C400&ssl=1 2x, https:\/\/i0.wp.com\/easyglobalconsulting.com\/wp-content\/uploads\/2026\/02\/Image1.png?resize=1050%2C600&ssl=1 3x"},"classes":[]},{"id":1203,"url":"https:\/\/easyglobalconsulting.com\/index.php\/savoir_2\/","url_meta":{"origin":1107,"position":2},"title":"savoir+_2","author":"@assistante","date":"3 novembre 2025","format":false,"excerpt":"\ud83c\udfaf 3. Pourquoi apprendre \u00e0 utiliser les outils d\u2019IA ? Gagner du temps : automatiser les t\u00e2ches r\u00e9p\u00e9titives. Am\u00e9liorer la cr\u00e9ativit\u00e9 : g\u00e9n\u00e9rer des id\u00e9es, des visuels, ou des textes. Prendre de meilleures d\u00e9cisions : gr\u00e2ce \u00e0 l\u2019analyse rapide des donn\u00e9es. Rester comp\u00e9titif : les m\u00e9tiers du futur int\u00e9greront tous\u2026","rel":"","context":"Article similaire","block_context":{"text":"Article similaire","link":""},"img":{"alt_text":"","src":"https:\/\/i0.wp.com\/easyglobalconsulting.com\/wp-content\/uploads\/2025\/08\/femmes-a-angle-eleve-mettant-les-mains-ensemble-scaled.jpg?resize=350%2C200&ssl=1","width":350,"height":200,"srcset":"https:\/\/i0.wp.com\/easyglobalconsulting.com\/wp-content\/uploads\/2025\/08\/femmes-a-angle-eleve-mettant-les-mains-ensemble-scaled.jpg?resize=350%2C200&ssl=1 1x, https:\/\/i0.wp.com\/easyglobalconsulting.com\/wp-content\/uploads\/2025\/08\/femmes-a-angle-eleve-mettant-les-mains-ensemble-scaled.jpg?resize=525%2C300&ssl=1 1.5x, https:\/\/i0.wp.com\/easyglobalconsulting.com\/wp-content\/uploads\/2025\/08\/femmes-a-angle-eleve-mettant-les-mains-ensemble-scaled.jpg?resize=700%2C400&ssl=1 2x, https:\/\/i0.wp.com\/easyglobalconsulting.com\/wp-content\/uploads\/2025\/08\/femmes-a-angle-eleve-mettant-les-mains-ensemble-scaled.jpg?resize=1050%2C600&ssl=1 3x, https:\/\/i0.wp.com\/easyglobalconsulting.com\/wp-content\/uploads\/2025\/08\/femmes-a-angle-eleve-mettant-les-mains-ensemble-scaled.jpg?resize=1400%2C800&ssl=1 4x"},"classes":[]},{"id":1206,"url":"https:\/\/easyglobalconsulting.com\/index.php\/savoir_3\/","url_meta":{"origin":1107,"position":3},"title":"savoir+_3","author":"@assistante","date":"3 novembre 2025","format":false,"excerpt":"\u26a0\ufe0f 3. Les principales menaces \ud83e\udda0 Virus, ransomwares, malwares : bloquent ou d\u00e9truisent les donn\u00e9es. \ud83c\udfa3 Phishing (hame\u00e7onnage) : vol d\u2019identifiants par e-mails trompeurs. \ud83d\udca5 Attaques par d\u00e9ni de service (DDoS) : saturent les serveurs. \ud83d\udc64 Erreurs humaines : mauvaise manipulation, fuite de donn\u00e9es. \ud83d\udd75\ufe0f\u200d\u2642\ufe0f Intrusions et piratages : acc\u00e8s\u2026","rel":"","context":"Article similaire","block_context":{"text":"Article similaire","link":""},"img":{"alt_text":"","src":"https:\/\/i0.wp.com\/easyglobalconsulting.com\/wp-content\/uploads\/2025\/04\/standard-quality-control-collage-concept-scaled.jpg?resize=350%2C200&ssl=1","width":350,"height":200,"srcset":"https:\/\/i0.wp.com\/easyglobalconsulting.com\/wp-content\/uploads\/2025\/04\/standard-quality-control-collage-concept-scaled.jpg?resize=350%2C200&ssl=1 1x, https:\/\/i0.wp.com\/easyglobalconsulting.com\/wp-content\/uploads\/2025\/04\/standard-quality-control-collage-concept-scaled.jpg?resize=525%2C300&ssl=1 1.5x, https:\/\/i0.wp.com\/easyglobalconsulting.com\/wp-content\/uploads\/2025\/04\/standard-quality-control-collage-concept-scaled.jpg?resize=700%2C400&ssl=1 2x, https:\/\/i0.wp.com\/easyglobalconsulting.com\/wp-content\/uploads\/2025\/04\/standard-quality-control-collage-concept-scaled.jpg?resize=1050%2C600&ssl=1 3x, https:\/\/i0.wp.com\/easyglobalconsulting.com\/wp-content\/uploads\/2025\/04\/standard-quality-control-collage-concept-scaled.jpg?resize=1400%2C800&ssl=1 4x"},"classes":[]},{"id":1215,"url":"https:\/\/easyglobalconsulting.com\/index.php\/savoir_6\/","url_meta":{"origin":1107,"position":4},"title":"savoir+_6","author":"@assistante","date":"3 novembre 2025","format":false,"excerpt":"\ud83e\udded 4. Les grandes \u00e9tapes du changement \u00c9tapeDescriptionExemple1. DiagnosticIdentifier les besoins, impacts et acteurs concern\u00e9sAnalyse des impacts d\u2019un nouveau logiciel2. PlanificationD\u00e9finir la strat\u00e9gie de conduite du changementChoisir les outils, les formations, la communication3. CommunicationInformer et rassurer les \u00e9quipesR\u00e9unions, newsletters, d\u00e9monstrations4. Formation et accompagnementDonner les comp\u00e9tences n\u00e9cessairesSessions de formation, tutoriels, assistance5.\u2026","rel":"","context":"Article similaire","block_context":{"text":"Article similaire","link":""},"img":{"alt_text":"","src":"https:\/\/i0.wp.com\/easyglobalconsulting.com\/wp-content\/uploads\/2025\/08\/des-collegues-participent-a-une-reunion-de-resolution-de-problemes-dans-une-societe-scaled.jpg?resize=350%2C200&ssl=1","width":350,"height":200,"srcset":"https:\/\/i0.wp.com\/easyglobalconsulting.com\/wp-content\/uploads\/2025\/08\/des-collegues-participent-a-une-reunion-de-resolution-de-problemes-dans-une-societe-scaled.jpg?resize=350%2C200&ssl=1 1x, https:\/\/i0.wp.com\/easyglobalconsulting.com\/wp-content\/uploads\/2025\/08\/des-collegues-participent-a-une-reunion-de-resolution-de-problemes-dans-une-societe-scaled.jpg?resize=525%2C300&ssl=1 1.5x, https:\/\/i0.wp.com\/easyglobalconsulting.com\/wp-content\/uploads\/2025\/08\/des-collegues-participent-a-une-reunion-de-resolution-de-problemes-dans-une-societe-scaled.jpg?resize=700%2C400&ssl=1 2x, https:\/\/i0.wp.com\/easyglobalconsulting.com\/wp-content\/uploads\/2025\/08\/des-collegues-participent-a-une-reunion-de-resolution-de-problemes-dans-une-societe-scaled.jpg?resize=1050%2C600&ssl=1 3x, https:\/\/i0.wp.com\/easyglobalconsulting.com\/wp-content\/uploads\/2025\/08\/des-collegues-participent-a-une-reunion-de-resolution-de-problemes-dans-une-societe-scaled.jpg?resize=1400%2C800&ssl=1 4x"},"classes":[]},{"id":1212,"url":"https:\/\/easyglobalconsulting.com\/index.php\/savoir_5\/","url_meta":{"origin":1107,"position":5},"title":"savoir+_5","author":"@assistante","date":"3 novembre 2025","format":false,"excerpt":"\u2699\ufe0f 2. ISO 22301 \u2013 Continuit\u00e9 d\u2019Activit\u00e9 \ud83d\udcd8 D\u00e9finition : La norme ISO 22301 d\u00e9finit les exigences pour un Syst\u00e8me de Management de la Continuit\u00e9 d\u2019Activit\u00e9 (SMCA).Elle aide les organisations \u00e0 pr\u00e9venir les interruptions (panne, cyberattaque, incendie, crise) et \u00e0 assurer la reprise rapide des activit\u00e9s. En clair : ISO\u2026","rel":"","context":"Article similaire","block_context":{"text":"Article similaire","link":""},"img":{"alt_text":"","src":"https:\/\/i0.wp.com\/easyglobalconsulting.com\/wp-content\/uploads\/2025\/08\/concept-de-controle-qualite-standard-m-2-scaled.jpg?resize=350%2C200&ssl=1","width":350,"height":200,"srcset":"https:\/\/i0.wp.com\/easyglobalconsulting.com\/wp-content\/uploads\/2025\/08\/concept-de-controle-qualite-standard-m-2-scaled.jpg?resize=350%2C200&ssl=1 1x, https:\/\/i0.wp.com\/easyglobalconsulting.com\/wp-content\/uploads\/2025\/08\/concept-de-controle-qualite-standard-m-2-scaled.jpg?resize=525%2C300&ssl=1 1.5x, https:\/\/i0.wp.com\/easyglobalconsulting.com\/wp-content\/uploads\/2025\/08\/concept-de-controle-qualite-standard-m-2-scaled.jpg?resize=700%2C400&ssl=1 2x, https:\/\/i0.wp.com\/easyglobalconsulting.com\/wp-content\/uploads\/2025\/08\/concept-de-controle-qualite-standard-m-2-scaled.jpg?resize=1050%2C600&ssl=1 3x, https:\/\/i0.wp.com\/easyglobalconsulting.com\/wp-content\/uploads\/2025\/08\/concept-de-controle-qualite-standard-m-2-scaled.jpg?resize=1400%2C800&ssl=1 4x"},"classes":[]}],"_links":{"self":[{"href":"https:\/\/easyglobalconsulting.com\/index.php\/wp-json\/wp\/v2\/pages\/1107","targetHints":{"allow":["GET"]}}],"collection":[{"href":"https:\/\/easyglobalconsulting.com\/index.php\/wp-json\/wp\/v2\/pages"}],"about":[{"href":"https:\/\/easyglobalconsulting.com\/index.php\/wp-json\/wp\/v2\/types\/page"}],"author":[{"embeddable":true,"href":"https:\/\/easyglobalconsulting.com\/index.php\/wp-json\/wp\/v2\/users\/1"}],"replies":[{"embeddable":true,"href":"https:\/\/easyglobalconsulting.com\/index.php\/wp-json\/wp\/v2\/comments?post=1107"}],"version-history":[{"count":11,"href":"https:\/\/easyglobalconsulting.com\/index.php\/wp-json\/wp\/v2\/pages\/1107\/revisions"}],"predecessor-version":[{"id":2158,"href":"https:\/\/easyglobalconsulting.com\/index.php\/wp-json\/wp\/v2\/pages\/1107\/revisions\/2158"}],"wp:attachment":[{"href":"https:\/\/easyglobalconsulting.com\/index.php\/wp-json\/wp\/v2\/media?parent=1107"}],"curies":[{"name":"wp","href":"https:\/\/api.w.org\/{rel}","templated":true}]}}