{"id":1055,"date":"2025-10-23T19:21:09","date_gmt":"2025-10-23T19:21:09","guid":{"rendered":"https:\/\/easyglobalconsulting.com\/?page_id=1055"},"modified":"2025-11-28T11:11:40","modified_gmt":"2025-11-28T11:11:40","slug":"references","status":"publish","type":"page","link":"https:\/\/easyglobalconsulting.com\/index.php\/references\/","title":{"rendered":"R\u00e9f\u00e9rence"},"content":{"rendered":"\n<div class=\"wp-block-group alignfull has-text-color has-background is-layout-constrained wp-container-core-group-is-layout-e27e13cc wp-block-group-is-layout-constrained\" style=\"color:#646257;background-color:#e4e2d7;margin-top:0;margin-bottom:0;padding-top:80px;padding-right:0;padding-bottom:80px;padding-left:0\">\n<h2 class=\"wp-block-heading has-text-align-center has-vivid-red-color has-black-background-color has-text-color has-background\" style=\"padding-top:var(--wp--preset--spacing--40);padding-right:var(--wp--preset--spacing--30);padding-bottom:var(--wp--preset--spacing--40);padding-left:var(--wp--preset--spacing--30);font-size:50px;font-style:normal;font-weight:500\">Nos R\u00e9alisations phares<\/h2>\n\n\n\n<div class=\"wp-block-columns has-text-color is-layout-flex wp-container-core-columns-is-layout-5b0144cc wp-block-columns-is-layout-flex\" style=\"color:#646257;padding-top:50px;padding-bottom:50px\">\n<div class=\"wp-block-column is-layout-flow wp-block-column-is-layout-flow\">\n<div class=\"wp-block-columns has-border-color has-contrast-border-color is-layout-flex wp-container-core-columns-is-layout-03f6895b wp-block-columns-is-layout-flex\" style=\"border-width:1px;border-radius:0px;padding-top:0px;padding-right:30px;padding-bottom:0px;padding-left:30px\">\n<div class=\"wp-block-column is-layout-flow wp-block-column-is-layout-flow\" style=\"flex-basis:33.33%\">\n<figure class=\"wp-block-image aligncenter size-full is-resized is-style-rounded wp-duotone-unset-1\"><img fetchpriority=\"high\" decoding=\"async\" width=\"256\" height=\"256\" src=\"https:\/\/easyglobalconsulting.com\/wp-content\/uploads\/2025\/10\/cgrae-picker.png\" alt=\"\" class=\"wp-image-1068\" style=\"aspect-ratio:1;object-fit:cover;width:90px\" srcset=\"https:\/\/easyglobalconsulting.com\/wp-content\/uploads\/2025\/10\/cgrae-picker.png 256w, https:\/\/easyglobalconsulting.com\/wp-content\/uploads\/2025\/10\/cgrae-picker-150x150.png 150w\" sizes=\"(max-width: 256px) 100vw, 256px\" \/><\/figure>\n<\/div>\n\n\n\n<div class=\"wp-block-column is-vertically-aligned-center is-layout-flow wp-container-core-column-is-layout-8a368f38 wp-block-column-is-layout-flow\" style=\"flex-basis:66.66%\">\n<h6 class=\"wp-block-heading has-ast-global-color-8-color has-text-color\" style=\"font-size:18px;font-style:normal;font-weight:400\"><strong>Am\u00e9lioration continue de la s\u00e9curit\u00e9 du syst\u00e8me d&rsquo;information de la CGRAE<\/strong><\/h6>\n\n\n\n<p>Suivi r\u00e9gulier et renforcement des mesures de s\u00e9curit\u00e9 pour faire face aux nouvelles menaces.<\/p>\n\n\n\n<h4 class=\"wp-block-heading\" style=\"font-size:18px\">Mise en \u0153uvre d&rsquo;un Syst\u00e8me de Management de la s\u00e9curit\u00e9 de l&rsquo;information \u00e0 la CGRAE<\/h4>\n\n\n\n<p>Mise en place d\u2019un syst\u00e8me conforme ISO 27001 pour structurer la gestion des risques SI.<\/p>\n\n\n\n<h4 class=\"wp-block-heading has-medium-font-size\">Mise en \u0153uvre d&rsquo;un syst\u00e8me de management de la continuit\u00e9 d&rsquo;activit\u00e9 \u00e0 la CGRAE<\/h4>\n\n\n\n<p>\u00c9laboration d\u2019un dispositif ISO 22301 pour assurer la continuit\u00e9 des activit\u00e9s critiques.<\/p>\n<\/div>\n<\/div>\n<\/div>\n\n\n\n<div class=\"wp-block-column is-layout-flow wp-block-column-is-layout-flow\">\n<div class=\"wp-block-columns has-border-color has-contrast-border-color is-layout-flex wp-container-core-columns-is-layout-1d0a1302 wp-block-columns-is-layout-flex\" style=\"border-width:1px;border-radius:0px;padding-top:70px;padding-right:30px;padding-bottom:70px;padding-left:30px\">\n<div class=\"wp-block-column is-layout-flow wp-block-column-is-layout-flow\" style=\"font-size:51px;flex-basis:33.33%\">\n<figure class=\"wp-block-image alignfull size-thumbnail is-style-rounded wp-duotone-unset-2\"><img decoding=\"async\" width=\"150\" height=\"150\" src=\"https:\/\/easyglobalconsulting.com\/wp-content\/uploads\/2025\/10\/images-1-150x150.png\" alt=\"\" class=\"wp-image-1077\" srcset=\"https:\/\/easyglobalconsulting.com\/wp-content\/uploads\/2025\/10\/images-1-150x150.png 150w, https:\/\/easyglobalconsulting.com\/wp-content\/uploads\/2025\/10\/images-1.png 225w\" sizes=\"(max-width: 150px) 100vw, 150px\" \/><\/figure>\n<\/div>\n\n\n\n<div class=\"wp-block-column is-vertically-aligned-center is-layout-flow wp-container-core-column-is-layout-8a368f38 wp-block-column-is-layout-flow\" style=\"flex-basis:66.66%\">\n<h6 class=\"wp-block-heading has-ast-global-color-8-color has-text-color has-medium-font-size\"><strong>Refonte du r\u00e9seau informatique de la SGCI<\/strong><\/h6>\n\n\n\n<p>Reconfiguration compl\u00e8te du r\u00e9seau de la SGCI avec des solutions modernes, fiables et s\u00e9curis\u00e9es.<\/p>\n<\/div>\n<\/div>\n\n\n\n<div class=\"wp-block-columns has-border-color has-contrast-border-color has-text-color is-layout-flex wp-container-core-columns-is-layout-1cd0379b wp-block-columns-is-layout-flex\" style=\"border-width:1px;border-radius:0px;color:#646257;padding-top:89px;padding-right:30px;padding-bottom:89px;padding-left:30px\">\n<div class=\"wp-block-column is-vertically-aligned-center is-layout-flow wp-container-core-column-is-layout-8a368f38 wp-block-column-is-layout-flow\" style=\"flex-basis:100%\">\n<h6 class=\"wp-block-heading has-ast-global-color-8-color has-text-color has-medium-font-size\">Mise en place d&rsquo;un centre de service (CDS) selon ITIL et ISO 18295<\/h6>\n\n\n\n<p>Structuration d\u2019un service support selon ITIL et ISO 18295 pour une meilleure prise en charge des signalisations et rel\u00e8ve des incidents.<\/p>\n\n\n\n<p><\/p>\n<\/div>\n<\/div>\n<\/div>\n\n\n\n<div class=\"wp-block-column is-layout-flow wp-container-core-column-is-layout-92c44e9e wp-block-column-is-layout-flow\" style=\"padding-top:0;padding-bottom:0\">\n<div class=\"wp-block-columns has-border-color has-contrast-border-color has-text-color is-layout-flex wp-container-core-columns-is-layout-697d7215 wp-block-columns-is-layout-flex\" style=\"border-width:1px;border-radius:0px;color:#646257;padding-top:61px;padding-right:30px;padding-bottom:61px;padding-left:30px\">\n<div class=\"wp-block-column is-layout-flow wp-block-column-is-layout-flow\" style=\"flex-basis:33.33%\">\n<figure class=\"wp-block-image aligncenter size-full is-style-rounded wp-duotone-unset-3\"><img decoding=\"async\" width=\"200\" height=\"200\" src=\"https:\/\/easyglobalconsulting.com\/wp-content\/uploads\/2025\/10\/20545838021627033133e.jpg\" alt=\"\" class=\"wp-image-1084\" style=\"aspect-ratio:1;object-fit:cover\" srcset=\"https:\/\/easyglobalconsulting.com\/wp-content\/uploads\/2025\/10\/20545838021627033133e.jpg 200w, https:\/\/easyglobalconsulting.com\/wp-content\/uploads\/2025\/10\/20545838021627033133e-150x150.jpg 150w\" sizes=\"(max-width: 200px) 100vw, 200px\" \/><\/figure>\n<\/div>\n\n\n\n<div class=\"wp-block-column is-vertically-aligned-center is-layout-flow wp-container-core-column-is-layout-8a368f38 wp-block-column-is-layout-flow\" style=\"flex-basis:66.66%\">\n<h6 class=\"wp-block-heading has-ast-global-color-8-color has-text-color has-medium-font-size\"><strong>Mise en \u0153uvre des recommandations d&rsquo;audit \u00e0 GS2E<\/strong><\/h6>\n\n\n\n<p>Application progressive des recommandations issues d\u2019audit pour renforcer la s\u00e9curit\u00e9 et la conformit\u00e9.<\/p>\n<\/div>\n<\/div>\n\n\n\n<div class=\"wp-block-columns has-border-color has-contrast-border-color has-text-color is-layout-flex wp-container-core-columns-is-layout-77cca4c0 wp-block-columns-is-layout-flex\" style=\"border-width:1px;border-radius:0px;color:#646257;margin-top:var(--wp--preset--spacing--60);margin-bottom:var(--wp--preset--spacing--60);padding-top:106px;padding-right:28px;padding-bottom:106px;padding-left:28px\">\n<div class=\"wp-block-column is-vertically-aligned-center is-layout-flow wp-container-core-column-is-layout-8a368f38 wp-block-column-is-layout-flow\" style=\"flex-basis:100%\">\n<figure class=\"wp-block-image size-full is-resized is-style-rounded\" style=\"margin-top:0;margin-bottom:0\"><img loading=\"lazy\" decoding=\"async\" width=\"150\" height=\"150\" src=\"https:\/\/easyglobalconsulting.com\/wp-content\/uploads\/2025\/11\/LOGO_g7hqvf.png\" alt=\"\" class=\"wp-image-1180\" style=\"width:124px;height:auto\"\/><\/figure>\n\n\n\n<h6 class=\"wp-block-heading has-ast-global-color-8-color has-text-color has-medium-font-size\">Consultant s\u00e9curit\u00e9 syst\u00e8me au port autonome&nbsp;d\u2019Abidjan<\/h6>\n<\/div>\n<\/div>\n<\/div>\n<\/div>\n\n\n\n<div class=\"wp-block-columns has-border-color has-contrast-border-color has-text-color is-layout-flex wp-container-core-columns-is-layout-99947068 wp-block-columns-is-layout-flex\" style=\"border-width:1px;border-radius:0px;color:#646257;padding-top:0px;padding-right:30px;padding-bottom:0px;padding-left:30px\">\n<div class=\"wp-block-column is-vertically-aligned-center is-layout-flow wp-container-core-column-is-layout-8a368f38 wp-block-column-is-layout-flow\" style=\"flex-basis:100%\">\n<div class=\"wp-block-columns is-style-default is-layout-flex wp-container-core-columns-is-layout-28f84493 wp-block-columns-is-layout-flex\">\n<div class=\"wp-block-column is-layout-flow wp-block-column-is-layout-flow\" style=\"flex-basis:15%\">\n<figure class=\"wp-block-image size-full is-resized is-style-rounded\"><img decoding=\"async\" src=\"https:\/\/easyglobalconsulting.com\/wp-content\/uploads\/2025\/11\/Flag_of_La_Francophonie.svg\" alt=\"\" class=\"wp-image-1834\" style=\"width:96px;height:auto\"\/><\/figure>\n\n\n\n<div class=\"wp-block-group is-nowrap is-layout-flex wp-container-core-group-is-layout-6c531013 wp-block-group-is-layout-flex\">\n<h6 class=\"wp-block-heading has-ast-global-color-8-color has-text-color has-medium-font-size\">Consultant SI \u00e0 la francophonie \/ jeux de la francophonie<\/h6>\n<\/div>\n<\/div>\n\n\n\n<div class=\"wp-block-column is-layout-flow wp-block-column-is-layout-flow\" style=\"flex-basis:85%\"><\/div>\n<\/div>\n<\/div>\n<\/div>\n<\/div>\n\n\n\n<p><\/p>\n","protected":false},"excerpt":{"rendered":"<p>Nos R\u00e9alisations phares Am\u00e9lioration continue de la s\u00e9curit\u00e9 du syst\u00e8me d&rsquo;information de la CGRAE Suivi r\u00e9gulier et renforcement des mesures de s\u00e9curit\u00e9 pour faire face aux nouvelles menaces. Mise en \u0153uvre d&rsquo;un Syst\u00e8me de Management de la s\u00e9curit\u00e9 de l&rsquo;information \u00e0 la CGRAE Mise en place d\u2019un syst\u00e8me conforme ISO 27001 pour structurer la gestion des risques SI. Mise en \u0153uvre d&rsquo;un syst\u00e8me de management de la continuit\u00e9 d&rsquo;activit\u00e9 \u00e0 la CGRAE \u00c9laboration d\u2019un dispositif ISO 22301 pour assurer la continuit\u00e9 des activit\u00e9s critiques. Refonte du r\u00e9seau informatique de la SGCI Reconfiguration compl\u00e8te du r\u00e9seau de la SGCI avec des solutions modernes, fiables et s\u00e9curis\u00e9es. Mise en place d&rsquo;un centre de service (CDS) selon ITIL et ISO 18295 Structuration d\u2019un service support selon ITIL et ISO 18295 pour une meilleure prise en charge des signalisations et rel\u00e8ve des incidents. Mise en \u0153uvre des recommandations d&rsquo;audit \u00e0 GS2E Application progressive des recommandations issues d\u2019audit pour renforcer la s\u00e9curit\u00e9 et la conformit\u00e9. Consultant s\u00e9curit\u00e9 syst\u00e8me au port autonome&nbsp;d\u2019Abidjan Consultant SI \u00e0 la francophonie \/ jeux de la francophonie<\/p>\n","protected":false},"author":1,"featured_media":0,"parent":0,"menu_order":0,"comment_status":"closed","ping_status":"closed","template":"","meta":{"site-sidebar-layout":"default","site-content-layout":"","ast-site-content-layout":"default","site-content-style":"default","site-sidebar-style":"default","ast-global-header-display":"","ast-banner-title-visibility":"","ast-main-header-display":"","ast-hfb-above-header-display":"","ast-hfb-below-header-display":"","ast-hfb-mobile-header-display":"","site-post-title":"disabled","ast-breadcrumbs-content":"","ast-featured-img":"","footer-sml-layout":"","ast-disable-related-posts":"","theme-transparent-header-meta":"","adv-header-id-meta":"","stick-header-meta":"","header-above-stick-meta":"","header-main-stick-meta":"","header-below-stick-meta":"","astra-migrate-meta-layouts":"default","ast-page-background-enabled":"default","ast-page-background-meta":{"desktop":{"background-color":"var(--ast-global-color-5)","background-image":"","background-repeat":"repeat","background-position":"center center","background-size":"auto","background-attachment":"scroll","background-type":"","background-media":"","overlay-type":"","overlay-color":"","overlay-opacity":"","overlay-gradient":""},"tablet":{"background-color":"","background-image":"","background-repeat":"repeat","background-position":"center center","background-size":"auto","background-attachment":"scroll","background-type":"","background-media":"","overlay-type":"","overlay-color":"","overlay-opacity":"","overlay-gradient":""},"mobile":{"background-color":"","background-image":"","background-repeat":"repeat","background-position":"center center","background-size":"auto","background-attachment":"scroll","background-type":"","background-media":"","overlay-type":"","overlay-color":"","overlay-opacity":"","overlay-gradient":""}},"ast-content-background-meta":{"desktop":{"background-color":"var(--ast-global-color-4)","background-image":"","background-repeat":"repeat","background-position":"center center","background-size":"auto","background-attachment":"scroll","background-type":"","background-media":"","overlay-type":"","overlay-color":"","overlay-opacity":"","overlay-gradient":""},"tablet":{"background-color":"var(--ast-global-color-4)","background-image":"","background-repeat":"repeat","background-position":"center center","background-size":"auto","background-attachment":"scroll","background-type":"","background-media":"","overlay-type":"","overlay-color":"","overlay-opacity":"","overlay-gradient":""},"mobile":{"background-color":"var(--ast-global-color-4)","background-image":"","background-repeat":"repeat","background-position":"center center","background-size":"auto","background-attachment":"scroll","background-type":"","background-media":"","overlay-type":"","overlay-color":"","overlay-opacity":"","overlay-gradient":""}},"footnotes":""},"class_list":["post-1055","page","type-page","status-publish","hentry"],"jetpack_sharing_enabled":true,"jetpack-related-posts":[{"id":1373,"url":"https:\/\/easyglobalconsulting.com\/index.php\/pourquoi-nous-choisir\/","url_meta":{"origin":1055,"position":0},"title":"Pourquoi nous choisir?","author":"@assistante","date":"6 novembre 2025","format":false,"excerpt":"POURQUOI CHOISIR EasyGlo +10 ans d\u2019exp\u00e9rience+10 ans d\u2019expertise + Atteinte assur\u00e9edes Objectifs Clients + Partenaire PECB = Assurance de laSatisfaction Client\u00e8le UN PARTENAIRE DE CONFIANCE EasyGlo est \u00e9galement partenaire PECB, une r\u00e9f\u00e9rence internationale dans le domaine des certifications et des standards professionnels. Ce partenariat t\u00e9moigne de notre engagement envers :\u2026","rel":"","context":"Article similaire","block_context":{"text":"Article similaire","link":""},"img":{"alt_text":"","src":"https:\/\/i0.wp.com\/easyglobalconsulting.com\/wp-content\/uploads\/2026\/02\/Image1.png?resize=350%2C200&ssl=1","width":350,"height":200,"srcset":"https:\/\/i0.wp.com\/easyglobalconsulting.com\/wp-content\/uploads\/2026\/02\/Image1.png?resize=350%2C200&ssl=1 1x, https:\/\/i0.wp.com\/easyglobalconsulting.com\/wp-content\/uploads\/2026\/02\/Image1.png?resize=525%2C300&ssl=1 1.5x, https:\/\/i0.wp.com\/easyglobalconsulting.com\/wp-content\/uploads\/2026\/02\/Image1.png?resize=700%2C400&ssl=1 2x, https:\/\/i0.wp.com\/easyglobalconsulting.com\/wp-content\/uploads\/2026\/02\/Image1.png?resize=1050%2C600&ssl=1 3x"},"classes":[]}],"_links":{"self":[{"href":"https:\/\/easyglobalconsulting.com\/index.php\/wp-json\/wp\/v2\/pages\/1055","targetHints":{"allow":["GET"]}}],"collection":[{"href":"https:\/\/easyglobalconsulting.com\/index.php\/wp-json\/wp\/v2\/pages"}],"about":[{"href":"https:\/\/easyglobalconsulting.com\/index.php\/wp-json\/wp\/v2\/types\/page"}],"author":[{"embeddable":true,"href":"https:\/\/easyglobalconsulting.com\/index.php\/wp-json\/wp\/v2\/users\/1"}],"replies":[{"embeddable":true,"href":"https:\/\/easyglobalconsulting.com\/index.php\/wp-json\/wp\/v2\/comments?post=1055"}],"version-history":[{"count":44,"href":"https:\/\/easyglobalconsulting.com\/index.php\/wp-json\/wp\/v2\/pages\/1055\/revisions"}],"predecessor-version":[{"id":1836,"href":"https:\/\/easyglobalconsulting.com\/index.php\/wp-json\/wp\/v2\/pages\/1055\/revisions\/1836"}],"wp:attachment":[{"href":"https:\/\/easyglobalconsulting.com\/index.php\/wp-json\/wp\/v2\/media?parent=1055"}],"curies":[{"name":"wp","href":"https:\/\/api.w.org\/{rel}","templated":true}]}}